{"id":4774,"date":"2018-12-11T18:37:42","date_gmt":"2018-12-11T16:37:42","guid":{"rendered":"http:\/\/masifill.es\/gestio-de-lloguers\/"},"modified":"2022-03-10T10:14:09","modified_gmt":"2022-03-10T08:14:09","slug":"gestion-de-alquileres","status":"publish","type":"page","link":"https:\/\/masifill.com\/es\/gestion-de-alquileres\/","title":{"rendered":"Gesti\u00f3n de alquileres"},"content":{"rendered":"<div class=\"wpb-content-wrapper\"><p>[vc_row css=&#8221;.vc_custom_1543478089300{margin-bottom: 0px !important;padding-bottom: 0px !important;}&#8221;][vc_column][vc_empty_space][vc_column_text el_class=&#8221;title&#8221;]<\/p>\n<h1>\u00c1reas de negocio<\/h1>\n<p>[\/vc_column_text][vc_custom_heading text=&#8221;GESTI\u00d3N DE ALQUILERES&#8221; font_container=&#8221;tag:h2|font_size:40px|text_align:left|color:%23e15100|line_height:38px&#8221; google_fonts=&#8221;font_family:Roboto%3A100%2C100italic%2C300%2C300italic%2Cregular%2Citalic%2C500%2C500italic%2C700%2C700italic%2C900%2C900italic|font_style:400%20regular%3A400%3Anormal&#8221; css=&#8221;.vc_custom_1644837670512{border-top-width: 1px !important;padding-top: 40px !important;border-top-color: #e15100 !important;}&#8221; el_class=&#8221;line&#8221;][\/vc_column][\/vc_row][vc_row gap=&#8221;25&#8243; equal_height=&#8221;yes&#8221; css=&#8221;.vc_custom_1646900047067{margin-top: 0px !important;margin-right: -12px !important;margin-left: 0px !important;padding-top: 0px !important;padding-right: 0px !important;padding-bottom: 0px !important;padding-left: 0px !important;}&#8221;][vc_column width=&#8221;2\/3&#8243; css=&#8221;.vc_custom_1544527289274{margin-top: 0px !important;margin-right: 0px !important;margin-bottom: 0px !important;margin-left: 0px !important;padding-top: 0px !important;padding-right: 0px !important;padding-bottom: 0px !important;padding-left: 0px !important;}&#8221;][vc_column_text]Proporcionamos una respuesta solvente y personalizada a las necesidades de cada propietario.<\/p>\n<p>Nuestra dilatada experiencia nos acredita como una empresa capaz de dar soluciones a las necesidades de cualquier cliente con patrimonio en <a href=\"https:\/\/masifill.com\/es\/catalogo\/\">alquiler<\/a>, ya sea <a href=\"https:\/\/masifill.com\/es\/catalogo\/\">viviendas individuales<\/a> o <a href=\"https:\/\/masifill.com\/es\/catalogo\/\">fincas enteras, as\u00ed como locales, oficinas o naves industriales.<\/a><\/p>\n<p>Comercializamos de forma \u00e1gil, presentando los mejores candidatos con las m\u00e1ximas garant\u00edas. Liberamos al cliente del d\u00eda a d\u00eda, resolviendo incidencias, llevando el control financiero y encarg\u00e1ndonos de las obligaciones administrativas, legales y fiscales si procede.[\/vc_column_text][\/vc_column][vc_column width=&#8221;1\/3&#8243; css=&#8221;.vc_custom_1544527481360{margin-top: 0px !important;margin-right: 0px !important;margin-bottom: 0px !important;margin-left: 0px !important;}&#8221;][vc_single_image image=&#8221;50095&#8243; img_size=&#8221;full&#8221; el_class=&#8221;areaimg&#8221;][\/vc_column][\/vc_row]<\/p>\n<\/div>","protected":false},"excerpt":{"rendered":"<p>[vc_row css=&#8221;.vc_custom_1543478089300{margin-bottom: 0px !important;padding-bottom: 0px !important;}&#8221;][vc_column][vc_empty_space][vc_column_text el_class=&#8221;title&#8221;] \u00c1reas de negocio [\/vc_column_text][vc_custom_heading text=&#8221;GESTI\u00d3N DE ALQUILERES&#8221; font_container=&#8221;tag:h2|font_size:40px|text_align:left|color:%23e15100|line_height:38px&#8221; google_fonts=&#8221;font_family:Roboto%3A100%2C100italic%2C300%2C300italic%2Cregular%2Citalic%2C500%2C500italic%2C700%2C700italic%2C900%2C900italic|font_style:400%20regular%3A400%3Anormal&#8221; css=&#8221;.vc_custom_1644837670512{border-top-width: 1px !important;padding-top: 40px !important;border-top-color: #e15100 !important;}&#8221; el_class=&#8221;line&#8221;][\/vc_column][\/vc_row][vc_row gap=&#8221;25&#8243; equal_height=&#8221;yes&#8221; css=&#8221;.vc_custom_1646900047067{margin-top: 0px !important;margin-right: -12px !important;margin-left: 0px !important;padding-top: 0px !important;padding-right: 0px !important;padding-bottom: 0px !important;padding-left: 0px !important;}&#8221;][vc_column width=&#8221;2\/3&#8243; css=&#8221;.vc_custom_1544527289274{margin-top: 0px !important;margin-right: 0px !important;margin-bottom: 0px !important;margin-left: 0px !important;padding-top: 0px !important;padding-right: 0px !important;padding-bottom: [&hellip;]<\/p>\n","protected":false},"author":1,"featured_media":0,"parent":0,"menu_order":0,"comment_status":"closed","ping_status":"closed","template":"template\/template-homepage.php","meta":{"footnotes":""},"class_list":["post-4774","page","type-page","status-publish","hentry"],"yoast_head":"<!-- This site is optimized with the Yoast SEO plugin v27.3 - https:\/\/yoast.com\/product\/yoast-seo-wordpress\/ -->\n<title>Gesti\u00f3n de alquiler vivienda con las m\u00e1ximas garant\u00edas<\/title>\n<meta name=\"description\" content=\"Alquiler vivienda. Ofrecemos el servicio de gesti\u00f3n de alquileres proporcionando una respuesta solvente y personalizada a las necesidades del propietario.\" \/>\n<meta name=\"robots\" content=\"index, follow, max-snippet:-1, max-image-preview:large, max-video-preview:-1\" \/>\n<link rel=\"canonical\" href=\"https:\/\/masifill.com\/gestio-de-lloguers\/\" \/>\n<meta property=\"og:locale\" content=\"es_ES\" \/>\n<meta property=\"og:type\" content=\"article\" \/>\n<meta property=\"og:title\" content=\"Gesti\u00f3n de alquiler vivienda con las m\u00e1ximas garant\u00edas\" \/>\n<meta property=\"og:description\" content=\"Alquiler vivienda. Ofrecemos el servicio de gesti\u00f3n de alquileres proporcionando una respuesta solvente y personalizada a las necesidades del propietario.\" \/>\n<meta property=\"og:url\" content=\"https:\/\/masifill.com\/gestio-de-lloguers\/\" \/>\n<meta property=\"og:site_name\" content=\"MasiFill Patrimonia\" \/>\n<meta property=\"article:modified_time\" content=\"2022-03-10T08:14:09+00:00\" \/>\n<meta name=\"twitter:card\" content=\"summary_large_image\" \/>\n<meta name=\"twitter:label1\" content=\"Tiempo de lectura\" \/>\n\t<meta name=\"twitter:data1\" content=\"1 minuto\" \/>\n<script type=\"application\/ld+json\" class=\"yoast-schema-graph\">{\"@context\":\"https:\\\/\\\/schema.org\",\"@graph\":[{\"@type\":\"WebPage\",\"@id\":\"https:\\\/\\\/masifill.com\\\/gestio-de-lloguers\\\/\",\"url\":\"https:\\\/\\\/masifill.com\\\/gestio-de-lloguers\\\/\",\"name\":\"Gesti\u00f3n de alquiler vivienda con las m\u00e1ximas garant\u00edas\",\"isPartOf\":{\"@id\":\"https:\\\/\\\/masifill.com\\\/#website\"},\"datePublished\":\"2018-12-11T16:37:42+00:00\",\"dateModified\":\"2022-03-10T08:14:09+00:00\",\"description\":\"Alquiler vivienda. Ofrecemos el servicio de gesti\u00f3n de alquileres proporcionando una respuesta solvente y personalizada a las necesidades del propietario.\",\"breadcrumb\":{\"@id\":\"https:\\\/\\\/masifill.com\\\/gestio-de-lloguers\\\/#breadcrumb\"},\"inLanguage\":\"es\",\"potentialAction\":[{\"@type\":\"ReadAction\",\"target\":[\"https:\\\/\\\/masifill.com\\\/gestio-de-lloguers\\\/\"]}]},{\"@type\":\"BreadcrumbList\",\"@id\":\"https:\\\/\\\/masifill.com\\\/gestio-de-lloguers\\\/#breadcrumb\",\"itemListElement\":[{\"@type\":\"ListItem\",\"position\":1,\"name\":\"Inici\",\"item\":\"https:\\\/\\\/masifill.com\\\/es\\\/\"},{\"@type\":\"ListItem\",\"position\":2,\"name\":\"Gesti\u00f3n de alquileres\"}]},{\"@type\":\"WebSite\",\"@id\":\"https:\\\/\\\/masifill.com\\\/#website\",\"url\":\"https:\\\/\\\/masifill.com\\\/\",\"name\":\"MasiFill Patrimonia\",\"description\":\"Altre lloc gestionat amb el WordPress\",\"potentialAction\":[{\"@type\":\"SearchAction\",\"target\":{\"@type\":\"EntryPoint\",\"urlTemplate\":\"https:\\\/\\\/masifill.com\\\/?s={search_term_string}\"},\"query-input\":{\"@type\":\"PropertyValueSpecification\",\"valueRequired\":true,\"valueName\":\"search_term_string\"}}],\"inLanguage\":\"es\"}]}<\/script>\n<!-- \/ Yoast SEO plugin. -->","yoast_head_json":{"title":"Gesti\u00f3n de alquiler vivienda con las m\u00e1ximas garant\u00edas","description":"Alquiler vivienda. Ofrecemos el servicio de gesti\u00f3n de alquileres proporcionando una respuesta solvente y personalizada a las necesidades del propietario.","robots":{"index":"index","follow":"follow","max-snippet":"max-snippet:-1","max-image-preview":"max-image-preview:large","max-video-preview":"max-video-preview:-1"},"canonical":"https:\/\/masifill.com\/gestio-de-lloguers\/","og_locale":"es_ES","og_type":"article","og_title":"Gesti\u00f3n de alquiler vivienda con las m\u00e1ximas garant\u00edas","og_description":"Alquiler vivienda. Ofrecemos el servicio de gesti\u00f3n de alquileres proporcionando una respuesta solvente y personalizada a las necesidades del propietario.","og_url":"https:\/\/masifill.com\/gestio-de-lloguers\/","og_site_name":"MasiFill Patrimonia","article_modified_time":"2022-03-10T08:14:09+00:00","twitter_card":"summary_large_image","twitter_misc":{"Tiempo de lectura":"1 minuto"},"schema":{"@context":"https:\/\/schema.org","@graph":[{"@type":"WebPage","@id":"https:\/\/masifill.com\/gestio-de-lloguers\/","url":"https:\/\/masifill.com\/gestio-de-lloguers\/","name":"Gesti\u00f3n de alquiler vivienda con las m\u00e1ximas garant\u00edas","isPartOf":{"@id":"https:\/\/masifill.com\/#website"},"datePublished":"2018-12-11T16:37:42+00:00","dateModified":"2022-03-10T08:14:09+00:00","description":"Alquiler vivienda. Ofrecemos el servicio de gesti\u00f3n de alquileres proporcionando una respuesta solvente y personalizada a las necesidades del propietario.","breadcrumb":{"@id":"https:\/\/masifill.com\/gestio-de-lloguers\/#breadcrumb"},"inLanguage":"es","potentialAction":[{"@type":"ReadAction","target":["https:\/\/masifill.com\/gestio-de-lloguers\/"]}]},{"@type":"BreadcrumbList","@id":"https:\/\/masifill.com\/gestio-de-lloguers\/#breadcrumb","itemListElement":[{"@type":"ListItem","position":1,"name":"Inici","item":"https:\/\/masifill.com\/es\/"},{"@type":"ListItem","position":2,"name":"Gesti\u00f3n de alquileres"}]},{"@type":"WebSite","@id":"https:\/\/masifill.com\/#website","url":"https:\/\/masifill.com\/","name":"MasiFill Patrimonia","description":"Altre lloc gestionat amb el WordPress","potentialAction":[{"@type":"SearchAction","target":{"@type":"EntryPoint","urlTemplate":"https:\/\/masifill.com\/?s={search_term_string}"},"query-input":{"@type":"PropertyValueSpecification","valueRequired":true,"valueName":"search_term_string"}}],"inLanguage":"es"}]}},"_links":{"self":[{"href":"https:\/\/masifill.com\/es\/wp-json\/wp\/v2\/pages\/4774","targetHints":{"allow":["GET"]}}],"collection":[{"href":"https:\/\/masifill.com\/es\/wp-json\/wp\/v2\/pages"}],"about":[{"href":"https:\/\/masifill.com\/es\/wp-json\/wp\/v2\/types\/page"}],"author":[{"embeddable":true,"href":"https:\/\/masifill.com\/es\/wp-json\/wp\/v2\/users\/1"}],"replies":[{"embeddable":true,"href":"https:\/\/masifill.com\/es\/wp-json\/wp\/v2\/comments?post=4774"}],"version-history":[{"count":10,"href":"https:\/\/masifill.com\/es\/wp-json\/wp\/v2\/pages\/4774\/revisions"}],"predecessor-version":[{"id":50196,"href":"https:\/\/masifill.com\/es\/wp-json\/wp\/v2\/pages\/4774\/revisions\/50196"}],"wp:attachment":[{"href":"https:\/\/masifill.com\/es\/wp-json\/wp\/v2\/media?parent=4774"}],"curies":[{"name":"wp","href":"https:\/\/api.w.org\/{rel}","templated":true}]}}