{"id":4780,"date":"2018-12-04T14:28:04","date_gmt":"2018-12-04T12:28:04","guid":{"rendered":"http:\/\/masifill.es\/gestio-de-patrimonio\/"},"modified":"2022-03-10T10:16:11","modified_gmt":"2022-03-10T08:16:11","slug":"gestion-de-patrimonios","status":"publish","type":"page","link":"https:\/\/masifill.com\/es\/gestion-de-patrimonios\/","title":{"rendered":"Gesti\u00f3n de patrimonios"},"content":{"rendered":"<div class=\"wpb-content-wrapper\"><p>[vc_row css=&#8221;.vc_custom_1543478089300{margin-bottom: 0px !important;padding-bottom: 0px !important;}&#8221;][vc_column][vc_empty_space][vc_column_text el_class=&#8221;title&#8221;]<\/p>\n<h1>\u00c0rees de negoci<\/h1>\n<p>[\/vc_column_text][vc_custom_heading text=&#8221;GESTI\u00d3N DE PATRIMONIOS&#8221; font_container=&#8221;tag:h2|font_size:40px|text_align:left|color:%23e15100|line_height:38px&#8221; google_fonts=&#8221;font_family:Roboto%3A100%2C100italic%2C300%2C300italic%2Cregular%2Citalic%2C500%2C500italic%2C700%2C700italic%2C900%2C900italic|font_style:400%20regular%3A400%3Anormal&#8221; css=&#8221;.vc_custom_1644837304485{border-top-width: 1px !important;padding-top: 40px !important;border-top-color: #e15100 !important;}&#8221; el_class=&#8221;line&#8221;][\/vc_column][\/vc_row][vc_row gap=&#8221;25&#8243; equal_height=&#8221;yes&#8221; css=&#8221;.vc_custom_1646900168808{margin-top: 0px !important;margin-right: -12px !important;padding-top: 0px !important;padding-right: 0px !important;padding-bottom: 0px !important;padding-left: 0px !important;}&#8221;][vc_column width=&#8221;2\/3&#8243; css=&#8221;.vc_custom_1544527289274{margin-top: 0px !important;margin-right: 0px !important;margin-bottom: 0px !important;margin-left: 0px !important;padding-top: 0px !important;padding-right: 0px !important;padding-bottom: 0px !important;padding-left: 0px !important;}&#8221;][vc_column_text]Nuestro conocimiento, unido al equipo\u00a0multidisciplinar\u00a0que confluye en\u00a0<a href=\"https:\/\/masifill.com\/es\/\">MASIFILL PATRIMONIA<\/a>,\u00a0nos permite ofrecer un modelo de <a href=\"https:\/\/masifill.com\/es\/gestion-de-patrimonios\/\">gesti\u00f3n<\/a> personalizado y ajustado a las necesidades concretas de cada cliente, cubriendo siempre sus expectativas.<\/p>\n<p>Especialmente enfocado a propietarios con volumen de <a href=\"https:\/\/masifill.com\/es\/gestion-de-patrimonios\/\">patrimonio a gestionar<\/a>, como grandes tenedores,\u00a0<em>family\u00a0offices<\/em>\u00a0o sociedades patrimoniales. Tanto si requieren cubrir la totalidad de la <a href=\"https:\/\/masifill.com\/es\/gestion-de-patrimonios\/\">gesti\u00f3n<\/a> o solo \u00e1mbitos concretos, como puede ser la vertiente t\u00e9cnica, jur\u00eddica, contable, financiera o comercial, entre otros.<\/p>\n<p>P\u00f3nganse en contacto para ampliar el alcance de nuestros servicios y definir conjuntamente como cubrir sus necesidades.[\/vc_column_text][\/vc_column][vc_column width=&#8221;1\/3&#8243; css=&#8221;.vc_custom_1544527481360{margin-top: 0px !important;margin-right: 0px !important;margin-bottom: 0px !important;margin-left: 0px !important;}&#8221;][vc_single_image image=&#8221;50100&#8243; img_size=&#8221;full&#8221; el_class=&#8221;areaimg&#8221;][\/vc_column][\/vc_row]<\/p>\n<\/div>","protected":false},"excerpt":{"rendered":"<p>[vc_row css=&#8221;.vc_custom_1543478089300{margin-bottom: 0px !important;padding-bottom: 0px !important;}&#8221;][vc_column][vc_empty_space][vc_column_text el_class=&#8221;title&#8221;] \u00c0rees de negoci [\/vc_column_text][vc_custom_heading text=&#8221;GESTI\u00d3N DE PATRIMONIOS&#8221; font_container=&#8221;tag:h2|font_size:40px|text_align:left|color:%23e15100|line_height:38px&#8221; google_fonts=&#8221;font_family:Roboto%3A100%2C100italic%2C300%2C300italic%2Cregular%2Citalic%2C500%2C500italic%2C700%2C700italic%2C900%2C900italic|font_style:400%20regular%3A400%3Anormal&#8221; css=&#8221;.vc_custom_1644837304485{border-top-width: 1px !important;padding-top: 40px !important;border-top-color: #e15100 !important;}&#8221; el_class=&#8221;line&#8221;][\/vc_column][\/vc_row][vc_row gap=&#8221;25&#8243; equal_height=&#8221;yes&#8221; css=&#8221;.vc_custom_1646900168808{margin-top: 0px !important;margin-right: -12px !important;padding-top: 0px !important;padding-right: 0px !important;padding-bottom: 0px !important;padding-left: 0px !important;}&#8221;][vc_column width=&#8221;2\/3&#8243; css=&#8221;.vc_custom_1544527289274{margin-top: 0px !important;margin-right: 0px !important;margin-bottom: 0px !important;margin-left: 0px !important;padding-top: 0px !important;padding-right: 0px !important;padding-bottom: 0px !important;padding-left: [&hellip;]<\/p>\n","protected":false},"author":1,"featured_media":0,"parent":0,"menu_order":0,"comment_status":"closed","ping_status":"closed","template":"template\/template-homepage.php","meta":{"footnotes":""},"class_list":["post-4780","page","type-page","status-publish","hentry"],"yoast_head":"<!-- This site is optimized with the Yoast SEO plugin v27.3 - https:\/\/yoast.com\/product\/yoast-seo-wordpress\/ -->\n<title>Gesti\u00f3n de propiedades patrimoniales en Barcelona<\/title>\n<meta name=\"description\" content=\"Masifill ofrece la gesti\u00f3n de propiedades patrimoniales con un modelo personalizado y ajustado a las necesidades concretas de cada cliente.\" \/>\n<meta name=\"robots\" content=\"index, follow, max-snippet:-1, max-image-preview:large, max-video-preview:-1\" \/>\n<link rel=\"canonical\" href=\"https:\/\/masifill.com\/gestio-de-patrimonis\/\" \/>\n<meta property=\"og:locale\" content=\"es_ES\" \/>\n<meta property=\"og:type\" content=\"article\" \/>\n<meta property=\"og:title\" content=\"Gesti\u00f3n de propiedades patrimoniales en Barcelona\" \/>\n<meta property=\"og:description\" content=\"Masifill ofrece la gesti\u00f3n de propiedades patrimoniales con un modelo personalizado y ajustado a las necesidades concretas de cada cliente.\" \/>\n<meta property=\"og:url\" content=\"https:\/\/masifill.com\/gestio-de-patrimonis\/\" \/>\n<meta property=\"og:site_name\" content=\"MasiFill Patrimonia\" \/>\n<meta property=\"article:modified_time\" content=\"2022-03-10T08:16:11+00:00\" \/>\n<meta name=\"twitter:card\" content=\"summary_large_image\" \/>\n<meta name=\"twitter:label1\" content=\"Tiempo de lectura\" \/>\n\t<meta name=\"twitter:data1\" content=\"1 minuto\" \/>\n<script type=\"application\/ld+json\" class=\"yoast-schema-graph\">{\"@context\":\"https:\\\/\\\/schema.org\",\"@graph\":[{\"@type\":\"WebPage\",\"@id\":\"https:\\\/\\\/masifill.com\\\/gestio-de-patrimonis\\\/\",\"url\":\"https:\\\/\\\/masifill.com\\\/gestio-de-patrimonis\\\/\",\"name\":\"Gesti\u00f3n de propiedades patrimoniales en Barcelona\",\"isPartOf\":{\"@id\":\"https:\\\/\\\/masifill.com\\\/#website\"},\"datePublished\":\"2018-12-04T12:28:04+00:00\",\"dateModified\":\"2022-03-10T08:16:11+00:00\",\"description\":\"Masifill ofrece la gesti\u00f3n de propiedades patrimoniales con un modelo personalizado y ajustado a las necesidades concretas de cada cliente.\",\"breadcrumb\":{\"@id\":\"https:\\\/\\\/masifill.com\\\/gestio-de-patrimonis\\\/#breadcrumb\"},\"inLanguage\":\"es\",\"potentialAction\":[{\"@type\":\"ReadAction\",\"target\":[\"https:\\\/\\\/masifill.com\\\/gestio-de-patrimonis\\\/\"]}]},{\"@type\":\"BreadcrumbList\",\"@id\":\"https:\\\/\\\/masifill.com\\\/gestio-de-patrimonis\\\/#breadcrumb\",\"itemListElement\":[{\"@type\":\"ListItem\",\"position\":1,\"name\":\"Inici\",\"item\":\"https:\\\/\\\/masifill.com\\\/es\\\/\"},{\"@type\":\"ListItem\",\"position\":2,\"name\":\"Gesti\u00f3n de patrimonios\"}]},{\"@type\":\"WebSite\",\"@id\":\"https:\\\/\\\/masifill.com\\\/#website\",\"url\":\"https:\\\/\\\/masifill.com\\\/\",\"name\":\"MasiFill Patrimonia\",\"description\":\"Altre lloc gestionat amb el WordPress\",\"potentialAction\":[{\"@type\":\"SearchAction\",\"target\":{\"@type\":\"EntryPoint\",\"urlTemplate\":\"https:\\\/\\\/masifill.com\\\/?s={search_term_string}\"},\"query-input\":{\"@type\":\"PropertyValueSpecification\",\"valueRequired\":true,\"valueName\":\"search_term_string\"}}],\"inLanguage\":\"es\"}]}<\/script>\n<!-- \/ Yoast SEO plugin. -->","yoast_head_json":{"title":"Gesti\u00f3n de propiedades patrimoniales en Barcelona","description":"Masifill ofrece la gesti\u00f3n de propiedades patrimoniales con un modelo personalizado y ajustado a las necesidades concretas de cada cliente.","robots":{"index":"index","follow":"follow","max-snippet":"max-snippet:-1","max-image-preview":"max-image-preview:large","max-video-preview":"max-video-preview:-1"},"canonical":"https:\/\/masifill.com\/gestio-de-patrimonis\/","og_locale":"es_ES","og_type":"article","og_title":"Gesti\u00f3n de propiedades patrimoniales en Barcelona","og_description":"Masifill ofrece la gesti\u00f3n de propiedades patrimoniales con un modelo personalizado y ajustado a las necesidades concretas de cada cliente.","og_url":"https:\/\/masifill.com\/gestio-de-patrimonis\/","og_site_name":"MasiFill Patrimonia","article_modified_time":"2022-03-10T08:16:11+00:00","twitter_card":"summary_large_image","twitter_misc":{"Tiempo de lectura":"1 minuto"},"schema":{"@context":"https:\/\/schema.org","@graph":[{"@type":"WebPage","@id":"https:\/\/masifill.com\/gestio-de-patrimonis\/","url":"https:\/\/masifill.com\/gestio-de-patrimonis\/","name":"Gesti\u00f3n de propiedades patrimoniales en Barcelona","isPartOf":{"@id":"https:\/\/masifill.com\/#website"},"datePublished":"2018-12-04T12:28:04+00:00","dateModified":"2022-03-10T08:16:11+00:00","description":"Masifill ofrece la gesti\u00f3n de propiedades patrimoniales con un modelo personalizado y ajustado a las necesidades concretas de cada cliente.","breadcrumb":{"@id":"https:\/\/masifill.com\/gestio-de-patrimonis\/#breadcrumb"},"inLanguage":"es","potentialAction":[{"@type":"ReadAction","target":["https:\/\/masifill.com\/gestio-de-patrimonis\/"]}]},{"@type":"BreadcrumbList","@id":"https:\/\/masifill.com\/gestio-de-patrimonis\/#breadcrumb","itemListElement":[{"@type":"ListItem","position":1,"name":"Inici","item":"https:\/\/masifill.com\/es\/"},{"@type":"ListItem","position":2,"name":"Gesti\u00f3n de patrimonios"}]},{"@type":"WebSite","@id":"https:\/\/masifill.com\/#website","url":"https:\/\/masifill.com\/","name":"MasiFill Patrimonia","description":"Altre lloc gestionat amb el WordPress","potentialAction":[{"@type":"SearchAction","target":{"@type":"EntryPoint","urlTemplate":"https:\/\/masifill.com\/?s={search_term_string}"},"query-input":{"@type":"PropertyValueSpecification","valueRequired":true,"valueName":"search_term_string"}}],"inLanguage":"es"}]}},"_links":{"self":[{"href":"https:\/\/masifill.com\/es\/wp-json\/wp\/v2\/pages\/4780","targetHints":{"allow":["GET"]}}],"collection":[{"href":"https:\/\/masifill.com\/es\/wp-json\/wp\/v2\/pages"}],"about":[{"href":"https:\/\/masifill.com\/es\/wp-json\/wp\/v2\/types\/page"}],"author":[{"embeddable":true,"href":"https:\/\/masifill.com\/es\/wp-json\/wp\/v2\/users\/1"}],"replies":[{"embeddable":true,"href":"https:\/\/masifill.com\/es\/wp-json\/wp\/v2\/comments?post=4780"}],"version-history":[{"count":9,"href":"https:\/\/masifill.com\/es\/wp-json\/wp\/v2\/pages\/4780\/revisions"}],"predecessor-version":[{"id":50198,"href":"https:\/\/masifill.com\/es\/wp-json\/wp\/v2\/pages\/4780\/revisions\/50198"}],"wp:attachment":[{"href":"https:\/\/masifill.com\/es\/wp-json\/wp\/v2\/media?parent=4780"}],"curies":[{"name":"wp","href":"https:\/\/api.w.org\/{rel}","templated":true}]}}