{"id":4783,"date":"2018-12-11T18:40:28","date_gmt":"2018-12-11T16:40:28","guid":{"rendered":"http:\/\/masifill.es\/assegurances\/"},"modified":"2022-03-10T10:20:58","modified_gmt":"2022-03-10T08:20:58","slug":"seguros","status":"publish","type":"page","link":"https:\/\/masifill.com\/es\/seguros\/","title":{"rendered":"Seguros"},"content":{"rendered":"<div class=\"wpb-content-wrapper\"><p>[vc_row css=&#8221;.vc_custom_1543478089300{margin-bottom: 0px !important;padding-bottom: 0px !important;}&#8221;][vc_column][vc_empty_space][vc_column_text el_class=&#8221;title&#8221;]<\/p>\n<h1>\u00c1reas de negocio<\/h1>\n<p>[\/vc_column_text][vc_custom_heading text=&#8221;SEGUROS&#8221; font_container=&#8221;tag:h2|font_size:40px|text_align:left|color:%23e15100|line_height:38px&#8221; google_fonts=&#8221;font_family:Roboto%3A100%2C100italic%2C300%2C300italic%2Cregular%2Citalic%2C500%2C500italic%2C700%2C700italic%2C900%2C900italic|font_style:400%20regular%3A400%3Anormal&#8221; css=&#8221;.vc_custom_1644837327603{border-top-width: 1px !important;padding-top: 40px !important;border-top-color: #e15100 !important;}&#8221; el_class=&#8221;line&#8221;][\/vc_column][\/vc_row][vc_row gap=&#8221;25&#8243; equal_height=&#8221;yes&#8221; css=&#8221;.vc_custom_1646900456031{margin-top: 0px !important;margin-right: -12px !important;padding-top: 0px !important;padding-right: 0px !important;padding-bottom: 0px !important;padding-left: 0px !important;}&#8221;][vc_column width=&#8221;2\/3&#8243; css=&#8221;.vc_custom_1544527289274{margin-top: 0px !important;margin-right: 0px !important;margin-bottom: 0px !important;margin-left: 0px !important;padding-top: 0px !important;padding-right: 0px !important;padding-bottom: 0px !important;padding-left: 0px !important;}&#8221;][vc_column_text]Somos agentes generalistas, cubrimos todas las tipolog\u00edas de <a href=\"https:\/\/masifill.com\/es\/seguros\/\">seguros<\/a> del mercado. Nuestra dilatada experiencia en el sector inmobiliario hace que seamos especialistas en <a href=\"https:\/\/masifill.com\/es\/seguros\/\">seguros<\/a> del hogar, comunitarios, de edificios y de impagos de alquileres.<\/p>\n<p>Somos agentes de <a href=\"https:\/\/masifill.com\/es\/seguros\/\">seguros<\/a> vinculados, autorizados con clave de inscripci\u00f3n AJ0197 por la\u00a0Direcci\u00f3n\u00a0General de\u00a0Seguros\u00a0y\u00a0Hondos de Pensiones (DGSyFP). Tambi\u00e9n somos agentes de las compa\u00f1\u00edas Mutua de\u00a0Propietarios,\u00a0Mussap\u00a0y Catalana\u00a0Occidente.[\/vc_column_text][\/vc_column][vc_column width=&#8221;1\/3&#8243; css=&#8221;.vc_custom_1544527481360{margin-top: 0px !important;margin-right: 0px !important;margin-bottom: 0px !important;margin-left: 0px !important;}&#8221;][vc_single_image image=&#8221;50104&#8243; img_size=&#8221;full&#8221; el_class=&#8221;areaimg&#8221;][\/vc_column][\/vc_row]<\/p>\n<\/div>","protected":false},"excerpt":{"rendered":"<p>[vc_row css=&#8221;.vc_custom_1543478089300{margin-bottom: 0px !important;padding-bottom: 0px !important;}&#8221;][vc_column][vc_empty_space][vc_column_text el_class=&#8221;title&#8221;] \u00c1reas de negocio [\/vc_column_text][vc_custom_heading text=&#8221;SEGUROS&#8221; font_container=&#8221;tag:h2|font_size:40px|text_align:left|color:%23e15100|line_height:38px&#8221; google_fonts=&#8221;font_family:Roboto%3A100%2C100italic%2C300%2C300italic%2Cregular%2Citalic%2C500%2C500italic%2C700%2C700italic%2C900%2C900italic|font_style:400%20regular%3A400%3Anormal&#8221; css=&#8221;.vc_custom_1644837327603{border-top-width: 1px !important;padding-top: 40px !important;border-top-color: #e15100 !important;}&#8221; el_class=&#8221;line&#8221;][\/vc_column][\/vc_row][vc_row gap=&#8221;25&#8243; equal_height=&#8221;yes&#8221; css=&#8221;.vc_custom_1646900456031{margin-top: 0px !important;margin-right: -12px !important;padding-top: 0px !important;padding-right: 0px !important;padding-bottom: 0px !important;padding-left: 0px !important;}&#8221;][vc_column width=&#8221;2\/3&#8243; css=&#8221;.vc_custom_1544527289274{margin-top: 0px !important;margin-right: 0px !important;margin-bottom: 0px !important;margin-left: 0px !important;padding-top: 0px !important;padding-right: 0px !important;padding-bottom: 0px !important;padding-left: 0px !important;}&#8221;][vc_column_text]Somos [&hellip;]<\/p>\n","protected":false},"author":1,"featured_media":0,"parent":0,"menu_order":0,"comment_status":"closed","ping_status":"closed","template":"template\/template-homepage.php","meta":{"footnotes":""},"class_list":["post-4783","page","type-page","status-publish","hentry"],"yoast_head":"<!-- This site is optimized with the Yoast SEO plugin v27.3 - https:\/\/yoast.com\/product\/yoast-seo-wordpress\/ -->\n<title>Somos agentes de seguros inmobiliarios en Barcelona<\/title>\n<meta name=\"description\" content=\"Empresa de seguros inmobiliarios en Barcelona especialistas en seguros del hogar, comunitarios, de edificios y de impago de alquileres.\" \/>\n<meta name=\"robots\" content=\"index, follow, max-snippet:-1, max-image-preview:large, max-video-preview:-1\" \/>\n<link rel=\"canonical\" href=\"https:\/\/masifill.com\/assegurances\/\" \/>\n<meta property=\"og:locale\" content=\"es_ES\" \/>\n<meta property=\"og:type\" content=\"article\" \/>\n<meta property=\"og:title\" content=\"Somos agentes de seguros inmobiliarios en Barcelona\" \/>\n<meta property=\"og:description\" content=\"Empresa de seguros inmobiliarios en Barcelona especialistas en seguros del hogar, comunitarios, de edificios y de impago de alquileres.\" \/>\n<meta property=\"og:url\" content=\"https:\/\/masifill.com\/assegurances\/\" \/>\n<meta property=\"og:site_name\" content=\"MasiFill Patrimonia\" \/>\n<meta property=\"article:modified_time\" content=\"2022-03-10T08:20:58+00:00\" \/>\n<meta name=\"twitter:card\" content=\"summary_large_image\" \/>\n<meta name=\"twitter:label1\" content=\"Tiempo de lectura\" \/>\n\t<meta name=\"twitter:data1\" content=\"1 minuto\" \/>\n<script type=\"application\/ld+json\" class=\"yoast-schema-graph\">{\"@context\":\"https:\\\/\\\/schema.org\",\"@graph\":[{\"@type\":\"WebPage\",\"@id\":\"https:\\\/\\\/masifill.com\\\/assegurances\\\/\",\"url\":\"https:\\\/\\\/masifill.com\\\/assegurances\\\/\",\"name\":\"Somos agentes de seguros inmobiliarios en Barcelona\",\"isPartOf\":{\"@id\":\"https:\\\/\\\/masifill.com\\\/#website\"},\"datePublished\":\"2018-12-11T16:40:28+00:00\",\"dateModified\":\"2022-03-10T08:20:58+00:00\",\"description\":\"Empresa de seguros inmobiliarios en Barcelona especialistas en seguros del hogar, comunitarios, de edificios y de impago de alquileres.\",\"breadcrumb\":{\"@id\":\"https:\\\/\\\/masifill.com\\\/assegurances\\\/#breadcrumb\"},\"inLanguage\":\"es\",\"potentialAction\":[{\"@type\":\"ReadAction\",\"target\":[\"https:\\\/\\\/masifill.com\\\/assegurances\\\/\"]}]},{\"@type\":\"BreadcrumbList\",\"@id\":\"https:\\\/\\\/masifill.com\\\/assegurances\\\/#breadcrumb\",\"itemListElement\":[{\"@type\":\"ListItem\",\"position\":1,\"name\":\"Inici\",\"item\":\"https:\\\/\\\/masifill.com\\\/es\\\/\"},{\"@type\":\"ListItem\",\"position\":2,\"name\":\"Seguros\"}]},{\"@type\":\"WebSite\",\"@id\":\"https:\\\/\\\/masifill.com\\\/#website\",\"url\":\"https:\\\/\\\/masifill.com\\\/\",\"name\":\"MasiFill Patrimonia\",\"description\":\"Altre lloc gestionat amb el WordPress\",\"potentialAction\":[{\"@type\":\"SearchAction\",\"target\":{\"@type\":\"EntryPoint\",\"urlTemplate\":\"https:\\\/\\\/masifill.com\\\/?s={search_term_string}\"},\"query-input\":{\"@type\":\"PropertyValueSpecification\",\"valueRequired\":true,\"valueName\":\"search_term_string\"}}],\"inLanguage\":\"es\"}]}<\/script>\n<!-- \/ Yoast SEO plugin. -->","yoast_head_json":{"title":"Somos agentes de seguros inmobiliarios en Barcelona","description":"Empresa de seguros inmobiliarios en Barcelona especialistas en seguros del hogar, comunitarios, de edificios y de impago de alquileres.","robots":{"index":"index","follow":"follow","max-snippet":"max-snippet:-1","max-image-preview":"max-image-preview:large","max-video-preview":"max-video-preview:-1"},"canonical":"https:\/\/masifill.com\/assegurances\/","og_locale":"es_ES","og_type":"article","og_title":"Somos agentes de seguros inmobiliarios en Barcelona","og_description":"Empresa de seguros inmobiliarios en Barcelona especialistas en seguros del hogar, comunitarios, de edificios y de impago de alquileres.","og_url":"https:\/\/masifill.com\/assegurances\/","og_site_name":"MasiFill Patrimonia","article_modified_time":"2022-03-10T08:20:58+00:00","twitter_card":"summary_large_image","twitter_misc":{"Tiempo de lectura":"1 minuto"},"schema":{"@context":"https:\/\/schema.org","@graph":[{"@type":"WebPage","@id":"https:\/\/masifill.com\/assegurances\/","url":"https:\/\/masifill.com\/assegurances\/","name":"Somos agentes de seguros inmobiliarios en Barcelona","isPartOf":{"@id":"https:\/\/masifill.com\/#website"},"datePublished":"2018-12-11T16:40:28+00:00","dateModified":"2022-03-10T08:20:58+00:00","description":"Empresa de seguros inmobiliarios en Barcelona especialistas en seguros del hogar, comunitarios, de edificios y de impago de alquileres.","breadcrumb":{"@id":"https:\/\/masifill.com\/assegurances\/#breadcrumb"},"inLanguage":"es","potentialAction":[{"@type":"ReadAction","target":["https:\/\/masifill.com\/assegurances\/"]}]},{"@type":"BreadcrumbList","@id":"https:\/\/masifill.com\/assegurances\/#breadcrumb","itemListElement":[{"@type":"ListItem","position":1,"name":"Inici","item":"https:\/\/masifill.com\/es\/"},{"@type":"ListItem","position":2,"name":"Seguros"}]},{"@type":"WebSite","@id":"https:\/\/masifill.com\/#website","url":"https:\/\/masifill.com\/","name":"MasiFill Patrimonia","description":"Altre lloc gestionat amb el WordPress","potentialAction":[{"@type":"SearchAction","target":{"@type":"EntryPoint","urlTemplate":"https:\/\/masifill.com\/?s={search_term_string}"},"query-input":{"@type":"PropertyValueSpecification","valueRequired":true,"valueName":"search_term_string"}}],"inLanguage":"es"}]}},"_links":{"self":[{"href":"https:\/\/masifill.com\/es\/wp-json\/wp\/v2\/pages\/4783","targetHints":{"allow":["GET"]}}],"collection":[{"href":"https:\/\/masifill.com\/es\/wp-json\/wp\/v2\/pages"}],"about":[{"href":"https:\/\/masifill.com\/es\/wp-json\/wp\/v2\/types\/page"}],"author":[{"embeddable":true,"href":"https:\/\/masifill.com\/es\/wp-json\/wp\/v2\/users\/1"}],"replies":[{"embeddable":true,"href":"https:\/\/masifill.com\/es\/wp-json\/wp\/v2\/comments?post=4783"}],"version-history":[{"count":8,"href":"https:\/\/masifill.com\/es\/wp-json\/wp\/v2\/pages\/4783\/revisions"}],"predecessor-version":[{"id":50199,"href":"https:\/\/masifill.com\/es\/wp-json\/wp\/v2\/pages\/4783\/revisions\/50199"}],"wp:attachment":[{"href":"https:\/\/masifill.com\/es\/wp-json\/wp\/v2\/media?parent=4783"}],"curies":[{"name":"wp","href":"https:\/\/api.w.org\/{rel}","templated":true}]}}