{"id":4785,"date":"2018-12-11T18:41:07","date_gmt":"2018-12-11T16:41:07","guid":{"rendered":"http:\/\/masifill.es\/compra-venda\/"},"modified":"2022-03-10T10:21:57","modified_gmt":"2022-03-10T08:21:57","slug":"compra-venta","status":"publish","type":"page","link":"https:\/\/masifill.com\/es\/compra-venta\/","title":{"rendered":"Compra-venta"},"content":{"rendered":"<div class=\"wpb-content-wrapper\"><p>[vc_row css=&#8221;.vc_custom_1543478089300{margin-bottom: 0px !important;padding-bottom: 0px !important;}&#8221;][vc_column][vc_empty_space][vc_column_text el_class=&#8221;title&#8221;]<\/p>\n<h1>\u00c1reas de negocio<\/h1>\n<p>[\/vc_column_text][vc_custom_heading text=&#8221;COMPRA-VENTA&#8221; font_container=&#8221;tag:h2|font_size:40px|text_align:left|color:%23e15100|line_height:38px&#8221; google_fonts=&#8221;font_family:Roboto%3A100%2C100italic%2C300%2C300italic%2Cregular%2Citalic%2C500%2C500italic%2C700%2C700italic%2C900%2C900italic|font_style:400%20regular%3A400%3Anormal&#8221; css=&#8221;.vc_custom_1644837350025{border-top-width: 1px !important;padding-top: 40px !important;border-top-color: #e15100 !important;}&#8221; el_class=&#8221;line&#8221;][\/vc_column][\/vc_row][vc_row gap=&#8221;25&#8243; equal_height=&#8221;yes&#8221; css=&#8221;.vc_custom_1646900515274{margin-top: 0px !important;margin-right: -12px !important;margin-left: 0px !important;padding-top: 0px !important;padding-right: 0px !important;padding-bottom: 0px !important;padding-left: 0px !important;}&#8221;][vc_column width=&#8221;2\/3&#8243; css=&#8221;.vc_custom_1544527289274{margin-top: 0px !important;margin-right: 0px !important;margin-bottom: 0px !important;margin-left: 0px !important;padding-top: 0px !important;padding-right: 0px !important;padding-bottom: 0px !important;padding-left: 0px !important;}&#8221;][vc_column_text]Somos conocedores del mercado en el que operamos por eso somos \u00e1giles en la <a href=\"https:\/\/masifill.com\/es\/compra-venta\/\">compraventa<\/a>, y mantenemos siempre al cliente informado de la gesti\u00f3n comercial.<\/p>\n<p>Para adaptarnos a las diferentes casu\u00edsticas en funci\u00f3n del inmueble realizamos un estudio de mercado y ofrecemos una valoraci\u00f3n gratuita en 48h planificando una estrategia comercial hecha a medida.<\/p>\n<p>Ofrecemos ventajas gratuitas* a nuestros clientes, tramitamos la c\u00e9dula de habitabilidad y la certificaci\u00f3n de eficiencia energ\u00e9tica, realizamos un reportaje fotogr\u00e1fico profesional y publicidad\u00a0<em>premium<\/em>\u00a0en los principales portales inmobiliarios.<\/p>\n<p>Durante todo el proceso de <a href=\"https:\/\/masifill.com\/es\/compra-venta\/\">compraventa<\/a> nuestro cliente est\u00e1 acompa\u00f1ado por nuestro equipo comercial, por un abogado que supervisa todos los tr\u00e1mites y documentos y el cual tambi\u00e9n gestiona la plusval\u00eda municipal. Adem\u00e1s podemos ofrecer la planificaci\u00f3n fiscal de la <a href=\"https:\/\/masifill.com\/es\/compra-venta\/\">compraventa<\/a>.<\/p>\n<p>* En inmuebles en exclusiva.[\/vc_column_text][\/vc_column][vc_column width=&#8221;1\/3&#8243; css=&#8221;.vc_custom_1544527481360{margin-top: 0px !important;margin-right: 0px !important;margin-bottom: 0px !important;margin-left: 0px !important;}&#8221;][vc_single_image image=&#8221;50108&#8243; img_size=&#8221;full&#8221; el_class=&#8221;areaimg&#8221;][\/vc_column][\/vc_row]<\/p>\n<\/div>","protected":false},"excerpt":{"rendered":"<p>[vc_row css=&#8221;.vc_custom_1543478089300{margin-bottom: 0px !important;padding-bottom: 0px !important;}&#8221;][vc_column][vc_empty_space][vc_column_text el_class=&#8221;title&#8221;] \u00c1reas de negocio [\/vc_column_text][vc_custom_heading text=&#8221;COMPRA-VENTA&#8221; font_container=&#8221;tag:h2|font_size:40px|text_align:left|color:%23e15100|line_height:38px&#8221; google_fonts=&#8221;font_family:Roboto%3A100%2C100italic%2C300%2C300italic%2Cregular%2Citalic%2C500%2C500italic%2C700%2C700italic%2C900%2C900italic|font_style:400%20regular%3A400%3Anormal&#8221; css=&#8221;.vc_custom_1644837350025{border-top-width: 1px !important;padding-top: 40px !important;border-top-color: #e15100 !important;}&#8221; el_class=&#8221;line&#8221;][\/vc_column][\/vc_row][vc_row gap=&#8221;25&#8243; equal_height=&#8221;yes&#8221; css=&#8221;.vc_custom_1646900515274{margin-top: 0px !important;margin-right: -12px !important;margin-left: 0px !important;padding-top: 0px !important;padding-right: 0px !important;padding-bottom: 0px !important;padding-left: 0px !important;}&#8221;][vc_column width=&#8221;2\/3&#8243; css=&#8221;.vc_custom_1544527289274{margin-top: 0px !important;margin-right: 0px !important;margin-bottom: 0px !important;margin-left: 0px !important;padding-top: 0px !important;padding-right: 0px !important;padding-bottom: 0px !important;padding-left: [&hellip;]<\/p>\n","protected":false},"author":1,"featured_media":0,"parent":0,"menu_order":0,"comment_status":"closed","ping_status":"closed","template":"template\/template-homepage.php","meta":{"footnotes":""},"class_list":["post-4785","page","type-page","status-publish","hentry"],"yoast_head":"<!-- This site is optimized with the Yoast SEO plugin v27.3 - https:\/\/yoast.com\/product\/yoast-seo-wordpress\/ -->\n<title>Gestores de compraventa de viviendas en Barcelona<\/title>\n<meta name=\"description\" content=\"Somos conocedores del mercado en la compraventa de viviendas en Barcelona. Realizamos estudios de mercado y planificamos estrategias comerciales.\" \/>\n<meta name=\"robots\" content=\"index, follow, max-snippet:-1, max-image-preview:large, max-video-preview:-1\" \/>\n<link rel=\"canonical\" href=\"https:\/\/masifill.com\/compra-venda\/\" \/>\n<meta property=\"og:locale\" content=\"es_ES\" \/>\n<meta property=\"og:type\" content=\"article\" \/>\n<meta property=\"og:title\" content=\"Gestores de compraventa de viviendas en Barcelona\" \/>\n<meta property=\"og:description\" content=\"Somos conocedores del mercado en la compraventa de viviendas en Barcelona. Realizamos estudios de mercado y planificamos estrategias comerciales.\" \/>\n<meta property=\"og:url\" content=\"https:\/\/masifill.com\/compra-venda\/\" \/>\n<meta property=\"og:site_name\" content=\"MasiFill Patrimonia\" \/>\n<meta property=\"article:modified_time\" content=\"2022-03-10T08:21:57+00:00\" \/>\n<meta name=\"twitter:card\" content=\"summary_large_image\" \/>\n<meta name=\"twitter:label1\" content=\"Tiempo de lectura\" \/>\n\t<meta name=\"twitter:data1\" content=\"2 minutos\" \/>\n<script type=\"application\/ld+json\" class=\"yoast-schema-graph\">{\"@context\":\"https:\\\/\\\/schema.org\",\"@graph\":[{\"@type\":\"WebPage\",\"@id\":\"https:\\\/\\\/masifill.com\\\/compra-venda\\\/\",\"url\":\"https:\\\/\\\/masifill.com\\\/compra-venda\\\/\",\"name\":\"Gestores de compraventa de viviendas en Barcelona\",\"isPartOf\":{\"@id\":\"https:\\\/\\\/masifill.com\\\/#website\"},\"datePublished\":\"2018-12-11T16:41:07+00:00\",\"dateModified\":\"2022-03-10T08:21:57+00:00\",\"description\":\"Somos conocedores del mercado en la compraventa de viviendas en Barcelona. Realizamos estudios de mercado y planificamos estrategias comerciales.\",\"breadcrumb\":{\"@id\":\"https:\\\/\\\/masifill.com\\\/compra-venda\\\/#breadcrumb\"},\"inLanguage\":\"es\",\"potentialAction\":[{\"@type\":\"ReadAction\",\"target\":[\"https:\\\/\\\/masifill.com\\\/compra-venda\\\/\"]}]},{\"@type\":\"BreadcrumbList\",\"@id\":\"https:\\\/\\\/masifill.com\\\/compra-venda\\\/#breadcrumb\",\"itemListElement\":[{\"@type\":\"ListItem\",\"position\":1,\"name\":\"Inici\",\"item\":\"https:\\\/\\\/masifill.com\\\/es\\\/\"},{\"@type\":\"ListItem\",\"position\":2,\"name\":\"Compra-venta\"}]},{\"@type\":\"WebSite\",\"@id\":\"https:\\\/\\\/masifill.com\\\/#website\",\"url\":\"https:\\\/\\\/masifill.com\\\/\",\"name\":\"MasiFill Patrimonia\",\"description\":\"Altre lloc gestionat amb el WordPress\",\"potentialAction\":[{\"@type\":\"SearchAction\",\"target\":{\"@type\":\"EntryPoint\",\"urlTemplate\":\"https:\\\/\\\/masifill.com\\\/?s={search_term_string}\"},\"query-input\":{\"@type\":\"PropertyValueSpecification\",\"valueRequired\":true,\"valueName\":\"search_term_string\"}}],\"inLanguage\":\"es\"}]}<\/script>\n<!-- \/ Yoast SEO plugin. -->","yoast_head_json":{"title":"Gestores de compraventa de viviendas en Barcelona","description":"Somos conocedores del mercado en la compraventa de viviendas en Barcelona. Realizamos estudios de mercado y planificamos estrategias comerciales.","robots":{"index":"index","follow":"follow","max-snippet":"max-snippet:-1","max-image-preview":"max-image-preview:large","max-video-preview":"max-video-preview:-1"},"canonical":"https:\/\/masifill.com\/compra-venda\/","og_locale":"es_ES","og_type":"article","og_title":"Gestores de compraventa de viviendas en Barcelona","og_description":"Somos conocedores del mercado en la compraventa de viviendas en Barcelona. Realizamos estudios de mercado y planificamos estrategias comerciales.","og_url":"https:\/\/masifill.com\/compra-venda\/","og_site_name":"MasiFill Patrimonia","article_modified_time":"2022-03-10T08:21:57+00:00","twitter_card":"summary_large_image","twitter_misc":{"Tiempo de lectura":"2 minutos"},"schema":{"@context":"https:\/\/schema.org","@graph":[{"@type":"WebPage","@id":"https:\/\/masifill.com\/compra-venda\/","url":"https:\/\/masifill.com\/compra-venda\/","name":"Gestores de compraventa de viviendas en Barcelona","isPartOf":{"@id":"https:\/\/masifill.com\/#website"},"datePublished":"2018-12-11T16:41:07+00:00","dateModified":"2022-03-10T08:21:57+00:00","description":"Somos conocedores del mercado en la compraventa de viviendas en Barcelona. Realizamos estudios de mercado y planificamos estrategias comerciales.","breadcrumb":{"@id":"https:\/\/masifill.com\/compra-venda\/#breadcrumb"},"inLanguage":"es","potentialAction":[{"@type":"ReadAction","target":["https:\/\/masifill.com\/compra-venda\/"]}]},{"@type":"BreadcrumbList","@id":"https:\/\/masifill.com\/compra-venda\/#breadcrumb","itemListElement":[{"@type":"ListItem","position":1,"name":"Inici","item":"https:\/\/masifill.com\/es\/"},{"@type":"ListItem","position":2,"name":"Compra-venta"}]},{"@type":"WebSite","@id":"https:\/\/masifill.com\/#website","url":"https:\/\/masifill.com\/","name":"MasiFill Patrimonia","description":"Altre lloc gestionat amb el WordPress","potentialAction":[{"@type":"SearchAction","target":{"@type":"EntryPoint","urlTemplate":"https:\/\/masifill.com\/?s={search_term_string}"},"query-input":{"@type":"PropertyValueSpecification","valueRequired":true,"valueName":"search_term_string"}}],"inLanguage":"es"}]}},"_links":{"self":[{"href":"https:\/\/masifill.com\/es\/wp-json\/wp\/v2\/pages\/4785","targetHints":{"allow":["GET"]}}],"collection":[{"href":"https:\/\/masifill.com\/es\/wp-json\/wp\/v2\/pages"}],"about":[{"href":"https:\/\/masifill.com\/es\/wp-json\/wp\/v2\/types\/page"}],"author":[{"embeddable":true,"href":"https:\/\/masifill.com\/es\/wp-json\/wp\/v2\/users\/1"}],"replies":[{"embeddable":true,"href":"https:\/\/masifill.com\/es\/wp-json\/wp\/v2\/comments?post=4785"}],"version-history":[{"count":8,"href":"https:\/\/masifill.com\/es\/wp-json\/wp\/v2\/pages\/4785\/revisions"}],"predecessor-version":[{"id":50200,"href":"https:\/\/masifill.com\/es\/wp-json\/wp\/v2\/pages\/4785\/revisions\/50200"}],"wp:attachment":[{"href":"https:\/\/masifill.com\/es\/wp-json\/wp\/v2\/media?parent=4785"}],"curies":[{"name":"wp","href":"https:\/\/api.w.org\/{rel}","templated":true}]}}