{"id":4787,"date":"2018-12-11T18:41:37","date_gmt":"2018-12-11T16:41:37","guid":{"rendered":"http:\/\/masifill.es\/gestio-de-comunitats\/"},"modified":"2022-03-10T10:15:26","modified_gmt":"2022-03-10T08:15:26","slug":"gestion-de-comunidades","status":"publish","type":"page","link":"https:\/\/masifill.com\/es\/gestion-de-comunidades\/","title":{"rendered":"Gesti\u00f3n de comunidades"},"content":{"rendered":"<div class=\"wpb-content-wrapper\"><p>[vc_row css=&#8221;.vc_custom_1543478089300{margin-bottom: 0px !important;padding-bottom: 0px !important;}&#8221;][vc_column][vc_empty_space][vc_column_text el_class=&#8221;title&#8221;]<\/p>\n<h1>\u00c1reas de negocio<\/h1>\n<p>[\/vc_column_text][vc_custom_heading text=&#8221;GESTI\u00d3N DE COMUNIDADES&#8221; font_container=&#8221;tag:h2|font_size:40px|text_align:left|color:%23e15100|line_height:38px&#8221; google_fonts=&#8221;font_family:Roboto%3A100%2C100italic%2C300%2C300italic%2Cregular%2Citalic%2C500%2C500italic%2C700%2C700italic%2C900%2C900italic|font_style:400%20regular%3A400%3Anormal&#8221; css=&#8221;.vc_custom_1644837369016{border-top-width: 1px !important;padding-top: 40px !important;border-top-color: #e15100 !important;}&#8221; el_class=&#8221;line&#8221;][\/vc_column][\/vc_row][vc_row gap=&#8221;25&#8243; equal_height=&#8221;yes&#8221; css=&#8221;.vc_custom_1646900124551{margin-top: 0px !important;margin-right: -12px !important;padding-top: 0px !important;padding-right: 0px !important;padding-bottom: 0px !important;padding-left: 0px !important;}&#8221;][vc_column width=&#8221;2\/3&#8243; css=&#8221;.vc_custom_1544527289274{margin-top: 0px !important;margin-right: 0px !important;margin-bottom: 0px !important;margin-left: 0px !important;padding-top: 0px !important;padding-right: 0px !important;padding-bottom: 0px !important;padding-left: 0px !important;}&#8221;][vc_column_text]Creemos que la relaci\u00f3n con las <a href=\"https:\/\/masifill.com\/es\/gestion-de-comunidades\/\">comunidades de propietarios<\/a> se basa en una relaci\u00f3n de confianza, fundamentada en conocimientos, la capacidad de resolver incidencias y la agilidad en la respuesta a las demandas de nuestros clientes.<\/p>\n<p>Es por eso que el <a href=\"https:\/\/masifill.com\/es\/equipo\/\">personal<\/a> del \u00e1rea tiene una\u00a0solida\u00a0formaci\u00f3n, y una actualizaci\u00f3n de conocimiento constante. Basamos nuestra actuaci\u00f3n en ser proactivos en la relaci\u00f3n con las <a href=\"https:\/\/masifill.com\/es\/gestion-de-comunidades\/\">comunidades<\/a>. Prestamos especial atenci\u00f3n en la resoluci\u00f3n de incidencias y llevamos a cabo un control econ\u00f3mico riguroso.<\/p>\n<p>Cada <a href=\"https:\/\/masifill.com\/es\/gestion-de-comunidades\/\">comunidad<\/a> tiene asignado un ejecutivo y un asistente de forma que se garantice una atenci\u00f3n \u00e1gil, r\u00e1pida y din\u00e1mica.[\/vc_column_text][\/vc_column][vc_column width=&#8221;1\/3&#8243; css=&#8221;.vc_custom_1544527481360{margin-top: 0px !important;margin-right: 0px !important;margin-bottom: 0px !important;margin-left: 0px !important;}&#8221;][vc_single_image image=&#8221;50112&#8243; img_size=&#8221;full&#8221; el_class=&#8221;areaimg&#8221;][\/vc_column][\/vc_row]<\/p>\n<\/div>","protected":false},"excerpt":{"rendered":"<p>[vc_row css=&#8221;.vc_custom_1543478089300{margin-bottom: 0px !important;padding-bottom: 0px !important;}&#8221;][vc_column][vc_empty_space][vc_column_text el_class=&#8221;title&#8221;] \u00c1reas de negocio [\/vc_column_text][vc_custom_heading text=&#8221;GESTI\u00d3N DE COMUNIDADES&#8221; font_container=&#8221;tag:h2|font_size:40px|text_align:left|color:%23e15100|line_height:38px&#8221; google_fonts=&#8221;font_family:Roboto%3A100%2C100italic%2C300%2C300italic%2Cregular%2Citalic%2C500%2C500italic%2C700%2C700italic%2C900%2C900italic|font_style:400%20regular%3A400%3Anormal&#8221; css=&#8221;.vc_custom_1644837369016{border-top-width: 1px !important;padding-top: 40px !important;border-top-color: #e15100 !important;}&#8221; el_class=&#8221;line&#8221;][\/vc_column][\/vc_row][vc_row gap=&#8221;25&#8243; equal_height=&#8221;yes&#8221; css=&#8221;.vc_custom_1646900124551{margin-top: 0px !important;margin-right: -12px !important;padding-top: 0px !important;padding-right: 0px !important;padding-bottom: 0px !important;padding-left: 0px !important;}&#8221;][vc_column width=&#8221;2\/3&#8243; css=&#8221;.vc_custom_1544527289274{margin-top: 0px !important;margin-right: 0px !important;margin-bottom: 0px !important;margin-left: 0px !important;padding-top: 0px !important;padding-right: 0px !important;padding-bottom: 0px !important;padding-left: [&hellip;]<\/p>\n","protected":false},"author":1,"featured_media":0,"parent":0,"menu_order":0,"comment_status":"closed","ping_status":"closed","template":"template\/template-homepage.php","meta":{"footnotes":""},"class_list":["post-4787","page","type-page","status-publish","hentry"],"yoast_head":"<!-- This site is optimized with the Yoast SEO plugin v27.3 - https:\/\/yoast.com\/product\/yoast-seo-wordpress\/ -->\n<title>Administraci\u00f3n de fincas. Servicios inmobiliarios Barcelona<\/title>\n<meta name=\"description\" content=\"Administraci\u00f3n de fincas inmobiliarias en Barcelona. Proactivos en la relaci\u00f3n con las comunidades y alta atenci\u00f3n a la resoluci\u00f3n de incidencias.\" \/>\n<meta name=\"robots\" content=\"index, follow, max-snippet:-1, max-image-preview:large, max-video-preview:-1\" \/>\n<link rel=\"canonical\" href=\"https:\/\/masifill.com\/es\/gestion-de-comunidades\/\" \/>\n<meta property=\"og:locale\" content=\"es_ES\" \/>\n<meta property=\"og:type\" content=\"article\" \/>\n<meta property=\"og:title\" content=\"Administraci\u00f3n de fincas. Servicios inmobiliarios Barcelona\" \/>\n<meta property=\"og:description\" content=\"Administraci\u00f3n de fincas inmobiliarias en Barcelona. Proactivos en la relaci\u00f3n con las comunidades y alta atenci\u00f3n a la resoluci\u00f3n de incidencias.\" \/>\n<meta property=\"og:url\" content=\"https:\/\/masifill.com\/es\/gestion-de-comunidades\/\" \/>\n<meta property=\"og:site_name\" content=\"MasiFill Patrimonia\" \/>\n<meta property=\"article:modified_time\" content=\"2022-03-10T08:15:26+00:00\" \/>\n<meta name=\"twitter:card\" content=\"summary_large_image\" \/>\n<meta name=\"twitter:label1\" content=\"Tiempo de lectura\" \/>\n\t<meta name=\"twitter:data1\" content=\"2 minutos\" \/>\n<script type=\"application\/ld+json\" class=\"yoast-schema-graph\">{\"@context\":\"https:\\\/\\\/schema.org\",\"@graph\":[{\"@type\":\"WebPage\",\"@id\":\"https:\\\/\\\/masifill.com\\\/es\\\/gestion-de-comunidades\\\/\",\"url\":\"https:\\\/\\\/masifill.com\\\/es\\\/gestion-de-comunidades\\\/\",\"name\":\"Administraci\u00f3n de fincas. Servicios inmobiliarios Barcelona\",\"isPartOf\":{\"@id\":\"https:\\\/\\\/masifill.com\\\/#website\"},\"datePublished\":\"2018-12-11T16:41:37+00:00\",\"dateModified\":\"2022-03-10T08:15:26+00:00\",\"description\":\"Administraci\u00f3n de fincas inmobiliarias en Barcelona. Proactivos en la relaci\u00f3n con las comunidades y alta atenci\u00f3n a la resoluci\u00f3n de incidencias.\",\"breadcrumb\":{\"@id\":\"https:\\\/\\\/masifill.com\\\/es\\\/gestion-de-comunidades\\\/#breadcrumb\"},\"inLanguage\":\"es\",\"potentialAction\":[{\"@type\":\"ReadAction\",\"target\":[\"https:\\\/\\\/masifill.com\\\/es\\\/gestion-de-comunidades\\\/\"]}]},{\"@type\":\"BreadcrumbList\",\"@id\":\"https:\\\/\\\/masifill.com\\\/es\\\/gestion-de-comunidades\\\/#breadcrumb\",\"itemListElement\":[{\"@type\":\"ListItem\",\"position\":1,\"name\":\"Inici\",\"item\":\"https:\\\/\\\/masifill.com\\\/es\\\/\"},{\"@type\":\"ListItem\",\"position\":2,\"name\":\"Gesti\u00f3n de comunidades\"}]},{\"@type\":\"WebSite\",\"@id\":\"https:\\\/\\\/masifill.com\\\/#website\",\"url\":\"https:\\\/\\\/masifill.com\\\/\",\"name\":\"MasiFill Patrimonia\",\"description\":\"Altre lloc gestionat amb el WordPress\",\"potentialAction\":[{\"@type\":\"SearchAction\",\"target\":{\"@type\":\"EntryPoint\",\"urlTemplate\":\"https:\\\/\\\/masifill.com\\\/?s={search_term_string}\"},\"query-input\":{\"@type\":\"PropertyValueSpecification\",\"valueRequired\":true,\"valueName\":\"search_term_string\"}}],\"inLanguage\":\"es\"}]}<\/script>\n<!-- \/ Yoast SEO plugin. -->","yoast_head_json":{"title":"Administraci\u00f3n de fincas. Servicios inmobiliarios Barcelona","description":"Administraci\u00f3n de fincas inmobiliarias en Barcelona. Proactivos en la relaci\u00f3n con las comunidades y alta atenci\u00f3n a la resoluci\u00f3n de incidencias.","robots":{"index":"index","follow":"follow","max-snippet":"max-snippet:-1","max-image-preview":"max-image-preview:large","max-video-preview":"max-video-preview:-1"},"canonical":"https:\/\/masifill.com\/es\/gestion-de-comunidades\/","og_locale":"es_ES","og_type":"article","og_title":"Administraci\u00f3n de fincas. Servicios inmobiliarios Barcelona","og_description":"Administraci\u00f3n de fincas inmobiliarias en Barcelona. Proactivos en la relaci\u00f3n con las comunidades y alta atenci\u00f3n a la resoluci\u00f3n de incidencias.","og_url":"https:\/\/masifill.com\/es\/gestion-de-comunidades\/","og_site_name":"MasiFill Patrimonia","article_modified_time":"2022-03-10T08:15:26+00:00","twitter_card":"summary_large_image","twitter_misc":{"Tiempo de lectura":"2 minutos"},"schema":{"@context":"https:\/\/schema.org","@graph":[{"@type":"WebPage","@id":"https:\/\/masifill.com\/es\/gestion-de-comunidades\/","url":"https:\/\/masifill.com\/es\/gestion-de-comunidades\/","name":"Administraci\u00f3n de fincas. Servicios inmobiliarios Barcelona","isPartOf":{"@id":"https:\/\/masifill.com\/#website"},"datePublished":"2018-12-11T16:41:37+00:00","dateModified":"2022-03-10T08:15:26+00:00","description":"Administraci\u00f3n de fincas inmobiliarias en Barcelona. Proactivos en la relaci\u00f3n con las comunidades y alta atenci\u00f3n a la resoluci\u00f3n de incidencias.","breadcrumb":{"@id":"https:\/\/masifill.com\/es\/gestion-de-comunidades\/#breadcrumb"},"inLanguage":"es","potentialAction":[{"@type":"ReadAction","target":["https:\/\/masifill.com\/es\/gestion-de-comunidades\/"]}]},{"@type":"BreadcrumbList","@id":"https:\/\/masifill.com\/es\/gestion-de-comunidades\/#breadcrumb","itemListElement":[{"@type":"ListItem","position":1,"name":"Inici","item":"https:\/\/masifill.com\/es\/"},{"@type":"ListItem","position":2,"name":"Gesti\u00f3n de comunidades"}]},{"@type":"WebSite","@id":"https:\/\/masifill.com\/#website","url":"https:\/\/masifill.com\/","name":"MasiFill Patrimonia","description":"Altre lloc gestionat amb el WordPress","potentialAction":[{"@type":"SearchAction","target":{"@type":"EntryPoint","urlTemplate":"https:\/\/masifill.com\/?s={search_term_string}"},"query-input":{"@type":"PropertyValueSpecification","valueRequired":true,"valueName":"search_term_string"}}],"inLanguage":"es"}]}},"_links":{"self":[{"href":"https:\/\/masifill.com\/es\/wp-json\/wp\/v2\/pages\/4787","targetHints":{"allow":["GET"]}}],"collection":[{"href":"https:\/\/masifill.com\/es\/wp-json\/wp\/v2\/pages"}],"about":[{"href":"https:\/\/masifill.com\/es\/wp-json\/wp\/v2\/types\/page"}],"author":[{"embeddable":true,"href":"https:\/\/masifill.com\/es\/wp-json\/wp\/v2\/users\/1"}],"replies":[{"embeddable":true,"href":"https:\/\/masifill.com\/es\/wp-json\/wp\/v2\/comments?post=4787"}],"version-history":[{"count":7,"href":"https:\/\/masifill.com\/es\/wp-json\/wp\/v2\/pages\/4787\/revisions"}],"predecessor-version":[{"id":50197,"href":"https:\/\/masifill.com\/es\/wp-json\/wp\/v2\/pages\/4787\/revisions\/50197"}],"wp:attachment":[{"href":"https:\/\/masifill.com\/es\/wp-json\/wp\/v2\/media?parent=4787"}],"curies":[{"name":"wp","href":"https:\/\/api.w.org\/{rel}","templated":true}]}}