{"id":4789,"date":"2018-12-11T18:42:25","date_gmt":"2018-12-11T16:42:25","guid":{"rendered":"http:\/\/masifill.es\/consultoria-i-operacions\/"},"modified":"2022-02-24T10:36:50","modified_gmt":"2022-02-24T08:36:50","slug":"consultoria-y-operaciones","status":"publish","type":"page","link":"https:\/\/masifill.com\/es\/consultoria-y-operaciones\/","title":{"rendered":"Consultor\u00eda y operaciones"},"content":{"rendered":"<div class=\"wpb-content-wrapper\"><p>[vc_row css=&#8221;.vc_custom_1543478089300{margin-bottom: 0px !important;padding-bottom: 0px !important;}&#8221;][vc_column][vc_empty_space][vc_column_text el_class=&#8221;title&#8221;]<\/p>\n<h1>\u00c1reas de negocio<\/h1>\n<p>[\/vc_column_text][vc_custom_heading text=&#8221;CONSULTOR\u00cdA Y OPERACIONES&#8221; font_container=&#8221;tag:h2|font_size:40px|text_align:left|color:%23e15100|line_height:38px&#8221; google_fonts=&#8221;font_family:Roboto%3A100%2C100italic%2C300%2C300italic%2Cregular%2Citalic%2C500%2C500italic%2C700%2C700italic%2C900%2C900italic|font_style:400%20regular%3A400%3Anormal&#8221; css=&#8221;.vc_custom_1644837388359{border-top-width: 1px !important;padding-top: 40px !important;border-top-color: #e15100 !important;}&#8221; el_class=&#8221;line&#8221;][\/vc_column][\/vc_row][vc_row gap=&#8221;25&#8243; equal_height=&#8221;yes&#8221;][vc_column width=&#8221;2\/3&#8243; css=&#8221;.vc_custom_1545642279534{margin-top: 0px !important;margin-bottom: 0px !important;padding-top: 0px !important;padding-bottom: 0px !important;}&#8221;][vc_column_text]Desde el \u00e1rea de <a href=\"https:\/\/masifill.com\/es\/consultoria-y-operaciones\/\">consultor\u00eda y operaciones<\/a> abordamos cualquier estudio o proyecto inmobiliario que nuestro cliente solicite. Integrando a profesionales en diferentes \u00e1mbitos de actuaci\u00f3n, como el t\u00e9cnico, urban\u00edstico, jur\u00eddico y comercial. Nuestros servicios de <a href=\"https:\/\/masifill.com\/es\/consultoria-y-operaciones\/\">asesor\u00eda inmobiliaria<\/a> cubren tanto a nuestro cliente propietario como al inversor.<\/p>\n<p>Estos son algunos de los nuestros servicios en este \u00e1mbito:[\/vc_column_text][\/vc_column][vc_column width=&#8221;1\/3&#8243; css=&#8221;.vc_custom_1545642289507{margin-top: 0px !important;margin-bottom: 0px !important;}&#8221;][vc_single_image image=&#8221;50116&#8243; img_size=&#8221;full&#8221; css=&#8221;.vc_custom_1645691807003{margin-right: 0px !important;margin-left: 0px !important;padding-right: 0px !important;padding-left: 0px !important;}&#8221; el_class=&#8221;areaimg&#8221;][\/vc_column][\/vc_row][vc_row][vc_column][vc_tta_accordion shape=&#8221;square&#8221; c_position=&#8221;right&#8221; active_section=&#8221;1&#8243; no_fill=&#8221;true&#8221;][vc_tta_section title=&#8221;CONSULTOR\u00cdA IMMOBILIARIA&#8221; tab_id=&#8221;1554715337846-6d10b07d-c263&#8243;][vc_column_text]<strong>\u2022 An\u00e1lisis de activos (t\u00e9cnico,\u00a0urban\u00edsitico, legal y econ\u00f3mico financiero).<\/strong><\/p>\n<p><strong>\u2022 Diagn\u00f3stico (producto de la revisi\u00f3n y situaci\u00f3n del an\u00e1lisis de partida). Generaci\u00f3n de informe.<br \/>\n<\/strong><br \/>\n<strong>\u2022 Propuesta de valor. Se emite un plan de ejecuci\u00f3n y su actuaci\u00f3n:<\/strong><\/p>\n<p style=\"padding-left: 40px;\">&gt; Gesti\u00f3n del patrimonio. Compras o desinversi\u00f3n de activos. Informe Patrimonial.<\/p>\n<p style=\"padding-left: 40px;\">&gt; Administraci\u00f3n de Fincas y gesti\u00f3n de actuaci\u00f3n con nuevas propuestas de valor.<\/p>\n<p style=\"padding-left: 40px;\">&gt; Realizaci\u00f3n de actuaciones en el activo, mejoras, actualizaciones, reformas y rehabilitaciones e incluso<br \/>\ntransformaciones.<\/p>\n<p style=\"padding-left: 40px;\">&gt; Gesti\u00f3n de cuadros arrendaticios y planos de incremento de las rentas de alquiler.<\/p>\n<p style=\"padding-left: 40px;\">&gt; Detecci\u00f3n de nuevas oportunidades, propuestas de inversi\u00f3n en la cartera de oportunidades de\u00a0MASIFILL.<\/p>\n<p>[\/vc_column_text][\/vc_tta_section][vc_tta_section title=&#8221;OPERACIONES&#8221; tab_id=&#8221;1554715337881-f9d82f0f-6692&#8243;][vc_column_text]<strong>\u2022 Gesti\u00f3n de obras y\u00a0project management\u00a0(reformas, rehabilitaciones y transformaciones).<br \/>\n<\/strong><br \/>\n<strong>\u2022 Gesti\u00f3n de clave en mano (proyectos realizados a medida de nuestro cliente).<br \/>\n<\/strong><br \/>\n<strong>\u2022\u00a0Grv. compra, reforma y venta. Cartera inversores\u00a0in-out.<br \/>\n<\/strong><br \/>\n<strong>\u2022 Gesti\u00f3n, desarrollo de suelo y edificaci\u00f3n.<\/strong>[\/vc_column_text][\/vc_tta_section][\/vc_tta_accordion][\/vc_column][\/vc_row]<\/p>\n<\/div>","protected":false},"excerpt":{"rendered":"<p>[vc_row css=&#8221;.vc_custom_1543478089300{margin-bottom: 0px !important;padding-bottom: 0px !important;}&#8221;][vc_column][vc_empty_space][vc_column_text el_class=&#8221;title&#8221;] \u00c1reas de negocio [\/vc_column_text][vc_custom_heading text=&#8221;CONSULTOR\u00cdA Y OPERACIONES&#8221; font_container=&#8221;tag:h2|font_size:40px|text_align:left|color:%23e15100|line_height:38px&#8221; google_fonts=&#8221;font_family:Roboto%3A100%2C100italic%2C300%2C300italic%2Cregular%2Citalic%2C500%2C500italic%2C700%2C700italic%2C900%2C900italic|font_style:400%20regular%3A400%3Anormal&#8221; css=&#8221;.vc_custom_1644837388359{border-top-width: 1px !important;padding-top: 40px !important;border-top-color: #e15100 !important;}&#8221; el_class=&#8221;line&#8221;][\/vc_column][\/vc_row][vc_row gap=&#8221;25&#8243; equal_height=&#8221;yes&#8221;][vc_column width=&#8221;2\/3&#8243; css=&#8221;.vc_custom_1545642279534{margin-top: 0px !important;margin-bottom: 0px !important;padding-top: 0px !important;padding-bottom: 0px !important;}&#8221;][vc_column_text]Desde el \u00e1rea de consultor\u00eda y operaciones abordamos cualquier estudio o proyecto inmobiliario que nuestro cliente solicite. Integrando a profesionales [&hellip;]<\/p>\n","protected":false},"author":1,"featured_media":0,"parent":0,"menu_order":0,"comment_status":"closed","ping_status":"closed","template":"template\/template-homepage.php","meta":{"footnotes":""},"class_list":["post-4789","page","type-page","status-publish","hentry"],"yoast_head":"<!-- This site is optimized with the Yoast SEO plugin v27.3 - https:\/\/yoast.com\/product\/yoast-seo-wordpress\/ -->\n<title>Consultor\u00eda inmobiliaria y operaciones en Barcelona<\/title>\n<meta name=\"description\" content=\"Servicio de consultor\u00eda inmobiliaria Barcelona. Cubrimos tanto al cliente propietario como al inversor. Ambitos t\u00e9cnicos, urban\u00edsticos y jur\u00eddicos.\" \/>\n<meta name=\"robots\" content=\"index, follow, max-snippet:-1, max-image-preview:large, max-video-preview:-1\" \/>\n<link rel=\"canonical\" href=\"https:\/\/masifill.com\/consultoria-i-operacions\/\" \/>\n<meta property=\"og:locale\" content=\"es_ES\" \/>\n<meta property=\"og:type\" content=\"article\" \/>\n<meta property=\"og:title\" content=\"Consultor\u00eda inmobiliaria y operaciones en Barcelona\" \/>\n<meta property=\"og:description\" content=\"Servicio de consultor\u00eda inmobiliaria Barcelona. Cubrimos tanto al cliente propietario como al inversor. Ambitos t\u00e9cnicos, urban\u00edsticos y jur\u00eddicos.\" \/>\n<meta property=\"og:url\" content=\"https:\/\/masifill.com\/consultoria-i-operacions\/\" \/>\n<meta property=\"og:site_name\" content=\"MasiFill Patrimonia\" \/>\n<meta property=\"article:modified_time\" content=\"2022-02-24T08:36:50+00:00\" \/>\n<meta name=\"twitter:card\" content=\"summary_large_image\" \/>\n<meta name=\"twitter:label1\" content=\"Tiempo de lectura\" \/>\n\t<meta name=\"twitter:data1\" content=\"2 minutos\" \/>\n<script type=\"application\/ld+json\" class=\"yoast-schema-graph\">{\"@context\":\"https:\\\/\\\/schema.org\",\"@graph\":[{\"@type\":\"WebPage\",\"@id\":\"https:\\\/\\\/masifill.com\\\/consultoria-i-operacions\\\/\",\"url\":\"https:\\\/\\\/masifill.com\\\/consultoria-i-operacions\\\/\",\"name\":\"Consultor\u00eda inmobiliaria y operaciones en Barcelona\",\"isPartOf\":{\"@id\":\"https:\\\/\\\/masifill.com\\\/#website\"},\"datePublished\":\"2018-12-11T16:42:25+00:00\",\"dateModified\":\"2022-02-24T08:36:50+00:00\",\"description\":\"Servicio de consultor\u00eda inmobiliaria Barcelona. Cubrimos tanto al cliente propietario como al inversor. Ambitos t\u00e9cnicos, urban\u00edsticos y jur\u00eddicos.\",\"breadcrumb\":{\"@id\":\"https:\\\/\\\/masifill.com\\\/consultoria-i-operacions\\\/#breadcrumb\"},\"inLanguage\":\"es\",\"potentialAction\":[{\"@type\":\"ReadAction\",\"target\":[\"https:\\\/\\\/masifill.com\\\/consultoria-i-operacions\\\/\"]}]},{\"@type\":\"BreadcrumbList\",\"@id\":\"https:\\\/\\\/masifill.com\\\/consultoria-i-operacions\\\/#breadcrumb\",\"itemListElement\":[{\"@type\":\"ListItem\",\"position\":1,\"name\":\"Inici\",\"item\":\"https:\\\/\\\/masifill.com\\\/es\\\/\"},{\"@type\":\"ListItem\",\"position\":2,\"name\":\"Consultor\u00eda y operaciones\"}]},{\"@type\":\"WebSite\",\"@id\":\"https:\\\/\\\/masifill.com\\\/#website\",\"url\":\"https:\\\/\\\/masifill.com\\\/\",\"name\":\"MasiFill Patrimonia\",\"description\":\"Altre lloc gestionat amb el WordPress\",\"potentialAction\":[{\"@type\":\"SearchAction\",\"target\":{\"@type\":\"EntryPoint\",\"urlTemplate\":\"https:\\\/\\\/masifill.com\\\/?s={search_term_string}\"},\"query-input\":{\"@type\":\"PropertyValueSpecification\",\"valueRequired\":true,\"valueName\":\"search_term_string\"}}],\"inLanguage\":\"es\"}]}<\/script>\n<!-- \/ Yoast SEO plugin. -->","yoast_head_json":{"title":"Consultor\u00eda inmobiliaria y operaciones en Barcelona","description":"Servicio de consultor\u00eda inmobiliaria Barcelona. Cubrimos tanto al cliente propietario como al inversor. Ambitos t\u00e9cnicos, urban\u00edsticos y jur\u00eddicos.","robots":{"index":"index","follow":"follow","max-snippet":"max-snippet:-1","max-image-preview":"max-image-preview:large","max-video-preview":"max-video-preview:-1"},"canonical":"https:\/\/masifill.com\/consultoria-i-operacions\/","og_locale":"es_ES","og_type":"article","og_title":"Consultor\u00eda inmobiliaria y operaciones en Barcelona","og_description":"Servicio de consultor\u00eda inmobiliaria Barcelona. Cubrimos tanto al cliente propietario como al inversor. Ambitos t\u00e9cnicos, urban\u00edsticos y jur\u00eddicos.","og_url":"https:\/\/masifill.com\/consultoria-i-operacions\/","og_site_name":"MasiFill Patrimonia","article_modified_time":"2022-02-24T08:36:50+00:00","twitter_card":"summary_large_image","twitter_misc":{"Tiempo de lectura":"2 minutos"},"schema":{"@context":"https:\/\/schema.org","@graph":[{"@type":"WebPage","@id":"https:\/\/masifill.com\/consultoria-i-operacions\/","url":"https:\/\/masifill.com\/consultoria-i-operacions\/","name":"Consultor\u00eda inmobiliaria y operaciones en Barcelona","isPartOf":{"@id":"https:\/\/masifill.com\/#website"},"datePublished":"2018-12-11T16:42:25+00:00","dateModified":"2022-02-24T08:36:50+00:00","description":"Servicio de consultor\u00eda inmobiliaria Barcelona. Cubrimos tanto al cliente propietario como al inversor. Ambitos t\u00e9cnicos, urban\u00edsticos y jur\u00eddicos.","breadcrumb":{"@id":"https:\/\/masifill.com\/consultoria-i-operacions\/#breadcrumb"},"inLanguage":"es","potentialAction":[{"@type":"ReadAction","target":["https:\/\/masifill.com\/consultoria-i-operacions\/"]}]},{"@type":"BreadcrumbList","@id":"https:\/\/masifill.com\/consultoria-i-operacions\/#breadcrumb","itemListElement":[{"@type":"ListItem","position":1,"name":"Inici","item":"https:\/\/masifill.com\/es\/"},{"@type":"ListItem","position":2,"name":"Consultor\u00eda y operaciones"}]},{"@type":"WebSite","@id":"https:\/\/masifill.com\/#website","url":"https:\/\/masifill.com\/","name":"MasiFill Patrimonia","description":"Altre lloc gestionat amb el WordPress","potentialAction":[{"@type":"SearchAction","target":{"@type":"EntryPoint","urlTemplate":"https:\/\/masifill.com\/?s={search_term_string}"},"query-input":{"@type":"PropertyValueSpecification","valueRequired":true,"valueName":"search_term_string"}}],"inLanguage":"es"}]}},"_links":{"self":[{"href":"https:\/\/masifill.com\/es\/wp-json\/wp\/v2\/pages\/4789","targetHints":{"allow":["GET"]}}],"collection":[{"href":"https:\/\/masifill.com\/es\/wp-json\/wp\/v2\/pages"}],"about":[{"href":"https:\/\/masifill.com\/es\/wp-json\/wp\/v2\/types\/page"}],"author":[{"embeddable":true,"href":"https:\/\/masifill.com\/es\/wp-json\/wp\/v2\/users\/1"}],"replies":[{"embeddable":true,"href":"https:\/\/masifill.com\/es\/wp-json\/wp\/v2\/comments?post=4789"}],"version-history":[{"count":18,"href":"https:\/\/masifill.com\/es\/wp-json\/wp\/v2\/pages\/4789\/revisions"}],"predecessor-version":[{"id":50118,"href":"https:\/\/masifill.com\/es\/wp-json\/wp\/v2\/pages\/4789\/revisions\/50118"}],"wp:attachment":[{"href":"https:\/\/masifill.com\/es\/wp-json\/wp\/v2\/media?parent=4789"}],"curies":[{"name":"wp","href":"https:\/\/api.w.org\/{rel}","templated":true}]}}