{"id":4810,"date":"2018-12-12T12:00:27","date_gmt":"2018-12-12T10:00:27","guid":{"rendered":"http:\/\/masifill.es\/qui-som\/"},"modified":"2023-06-21T12:37:14","modified_gmt":"2023-06-21T10:37:14","slug":"sobre-nosotros","status":"publish","type":"page","link":"https:\/\/masifill.com\/es\/sobre-nosotros\/","title":{"rendered":"Sobre nosotros"},"content":{"rendered":"<div class=\"wpb-content-wrapper\"><p>[vc_row css=&#8221;.vc_custom_1543478089300{margin-bottom: 0px !important;padding-bottom: 0px !important;}&#8221;][vc_column][vc_empty_space][vc_column_text el_class=&#8221;title&#8221;]<\/p>\n<h1>Sobre nosotros<\/h1>\n<p>[\/vc_column_text][vc_custom_heading text=&#8221;Somos una empresa de servicios enfocada al \u00e1mbito inmobiliario, operamos en Barcelona desde el a\u00f1o 1932.&#8221; font_container=&#8221;tag:h2|font_size:28px|text_align:left|color:%230a0000|line_height:34px&#8221; google_fonts=&#8221;font_family:Roboto%3A100%2C100italic%2C300%2C300italic%2Cregular%2Citalic%2C500%2C500italic%2C700%2C700italic%2C900%2C900italic|font_style:400%20regular%3A400%3Anormal&#8221; css=&#8221;.vc_custom_1644837438607{border-top-width: 1px !important;border-bottom-width: 2px !important;padding-top: 40px !important;padding-bottom: 20px !important;border-top-color: #e15100 !important;border-bottom-color: #e15100 !important;}&#8221; el_class=&#8221;line2&#8243;][\/vc_column][\/vc_row][vc_row gap=&#8221;20&#8243; equal_height=&#8221;yes&#8221; css=&#8221;.vc_custom_1644837501913{margin-top: 0px !important;margin-right: 0px !important;margin-left: 0px !important;border-top-width: 1px !important;padding-top: 40px !important;padding-right: 0px !important;padding-bottom: 40px !important;padding-left: 0px !important;border-top-color: #e15100 !important;}&#8221; el_class=&#8221;line&#8221;][vc_column width=&#8221;3\/4&#8243; css=&#8221;.vc_custom_1544606270841{margin-top: 0px !important;margin-right: 0px !important;margin-left: 0px !important;padding-top: 0px !important;padding-right: 0px !important;padding-left: 0px !important;}&#8221;][vc_column_text css=&#8221;.vc_custom_1633361916714{margin-left: -10px !important;padding-right: 30px !important;padding-left: 0px !important;}&#8221;]A pesar de que damos servicios personalizados, tanto de <a href=\"https:\/\/masifill.com\/es\/consultoria-y-operaciones\/\">consultor\u00eda<\/a> como grandes operaciones inmobiliarias, nuestro principal \u00e1mbito de actuaci\u00f3n son las <a href=\"https:\/\/masifill.com\/es\/gestion-de-comunidades\/\">comunidades de propietarios<\/a>, la <a href=\"https:\/\/masifill.com\/es\/gestion-de-alquileres\/\">gesti\u00f3n de alquileres<\/a>, la <a href=\"https:\/\/masifill.com\/es\/compra-venta\/\">compraventa<\/a> y los <a href=\"https:\/\/masifill.com\/es\/seguros\/\">seguros<\/a>.[\/vc_column_text][\/vc_column][vc_column width=&#8221;1\/4&#8243; css=&#8221;.vc_custom_1544609526799{margin-top: 0px !important;margin-right: -10px !important;margin-left: 0px !important;padding-top: 0px !important;padding-right: 0px !important;padding-left: 0px !important;background-color: #ffffff !important;}&#8221;][vc_row_inner][vc_column_inner width=&#8221;2\/3&#8243;][vc_column_text]<\/p>\n<h2 class=\"vc_custom_heading vc_custom_1644995279426 margentexto1\" style=\"color: #e15100; text-align: left;\"><a href=\"https:\/\/masifill.com\/es\/areas\/\">CONOZCA<br \/>\nNUESTROS<br \/>\nSERVICIOS<\/a><\/h2>\n<p>[\/vc_column_text][\/vc_column_inner][vc_column_inner width=&#8221;1\/3&#8243;][vc_icon type=&#8221;entypo&#8221; icon_entypo=&#8221;entypo-icon entypo-icon-right-open&#8221; color=&#8221;custom&#8221; background_style=&#8221;rounded&#8221; background_color=&#8221;custom&#8221; size=&#8221;sm&#8221; align=&#8221;right&#8221; custom_color=&#8221;#e15100&#8243; link=&#8221;url:https%3A%2F%2Fmasifill.com%2Fes%2Fareas%2F|||&#8221; custom_background_color=&#8221;#ffffff&#8221; el_class=&#8221;circle&#8221; css=&#8221;.vc_custom_1644995289511{margin-right: 20px !important;margin-bottom: 20px !important;padding-top: 80px !important;padding-bottom: 0px !important;}&#8221;][\/vc_column_inner][\/vc_row_inner][\/vc_column][\/vc_row][vc_row gap=&#8221;20&#8243; css=&#8221;.vc_custom_1644837512702{margin-top: 0px !important;margin-right: 0px !important;margin-left: 0px !important;border-top-width: 1px !important;padding-top: 40px !important;padding-right: 0px !important;padding-bottom: 40px !important;padding-left: 0px !important;border-top-color: #e15100 !important;}&#8221; el_class=&#8221;line&#8221;][vc_column width=&#8221;3\/4&#8243; css=&#8221;.vc_custom_1544606270841{margin-top: 0px !important;margin-right: 0px !important;margin-left: 0px !important;padding-top: 0px !important;padding-right: 0px !important;padding-left: 0px !important;}&#8221;][vc_column_text css=&#8221;.vc_custom_1633362009022{margin-left: -10px !important;padding-right: 30px !important;padding-left: 0px !important;}&#8221;]Somos una e<a href=\"https:\/\/masifill.com\/es\/historia\/\">mpresa familiar d\u00f3nde han trabajado cuatro generaciones de la familia Mas<\/a>, siendo el actual propietario y director general el nieto del fundador. Sin renunciar a aquellos valores que nos han llevado a lo que somos a d\u00eda de hoy, y que hacen que d\u00eda a d\u00eda tengamos la confianza de nuestros clientes, apostamos decididamente para poner a nuestro cliente en el centro de nuestra actividad. Creando equipos\u00a0multidisciplinares\u00a0que puedan dar soluci\u00f3n a la cada vez m\u00e1s compleja a la problem\u00e1tica existente. Por ese motivo, apostamos por un <a href=\"https:\/\/masifill.com\/es\/equipo\/\">equipo humano<\/a> enfocado a cliente, motivado y altamente formado.<\/p>\n<p>Actualmente conformamos la empresa alrededor de cuarenta personas y compartimos oficinas con abogados, economistas y arquitectos, bajo la marca\u00a0<a href=\"https:\/\/masifill.com\/es\/\">MASIFILL\u00a0PATRIMONIA<\/a>. Lo que nos permite cubrir un amplio abanico de las necesidades de nuestros clientes y cumplir con sus expectativas de servicio.[\/vc_column_text][\/vc_column][vc_column width=&#8221;1\/4&#8243; css=&#8221;.vc_custom_1544609526799{margin-top: 0px !important;margin-right: -10px !important;margin-left: 0px !important;padding-top: 0px !important;padding-right: 0px !important;padding-left: 0px !important;background-color: #ffffff !important;}&#8221;][vc_row_inner][vc_column_inner width=&#8221;2\/3&#8243;][vc_column_text]<\/p>\n<h2 class=\"vc_custom_heading vc_custom_1644995299487 margentexto1\" style=\"color: #e15100; text-align: left;\"><a href=\"https:\/\/masifill.com\/es\/equipo\/\">CONOZCA<br \/>\nNUESTRO<br \/>\nEQUIPO<\/a><\/h2>\n<p>[\/vc_column_text][\/vc_column_inner][vc_column_inner width=&#8221;1\/3&#8243;][vc_icon type=&#8221;entypo&#8221; icon_entypo=&#8221;entypo-icon entypo-icon-right-open&#8221; color=&#8221;custom&#8221; background_style=&#8221;rounded&#8221; background_color=&#8221;custom&#8221; size=&#8221;sm&#8221; align=&#8221;right&#8221; custom_color=&#8221;#e15100&#8243; link=&#8221;url:https%3A%2F%2Fmasifill.com%2Fes%2Fequipo%2F|||&#8221; custom_background_color=&#8221;#ffffff&#8221; el_class=&#8221;circle&#8221; css=&#8221;.vc_custom_1644995307875{margin-right: 20px !important;margin-bottom: 20px !important;padding-top: 80px !important;padding-bottom: 0px !important;}&#8221;][\/vc_column_inner][\/vc_row_inner][\/vc_column][\/vc_row][vc_row gap=&#8221;20&#8243; css=&#8221;.vc_custom_1644837512702{margin-top: 0px !important;margin-right: 0px !important;margin-left: 0px !important;border-top-width: 1px !important;padding-top: 40px !important;padding-right: 0px !important;padding-bottom: 40px !important;padding-left: 0px !important;border-top-color: #e15100 !important;}&#8221; el_class=&#8221;line&#8221;][vc_column width=&#8221;3\/4&#8243; css=&#8221;.vc_custom_1544606270841{margin-top: 0px !important;margin-right: 0px !important;margin-left: 0px !important;padding-top: 0px !important;padding-right: 0px !important;padding-left: 0px !important;}&#8221;][vc_column_text css=&#8221;.vc_custom_1687343803620{margin-left: -10px !important;padding-right: 30px !important;padding-left: 0px !important;}&#8221;]Contamos con dos <a href=\"https:\/\/masifill.com\/es\/contacto\/\">oficinas<\/a>, una en Barcelona, en la calle Fontanella, 17 Principal y otra en la Pla\u00e7a del pi, 3, local 4, en Bellaterra.[\/vc_column_text][\/vc_column][vc_column width=&#8221;1\/4&#8243; css=&#8221;.vc_custom_1544609526799{margin-top: 0px !important;margin-right: -10px !important;margin-left: 0px !important;padding-top: 0px !important;padding-right: 0px !important;padding-left: 0px !important;background-color: #ffffff !important;}&#8221;][vc_row_inner][vc_column_inner width=&#8221;2\/3&#8243;][vc_column_text]<\/p>\n<h2 class=\"vc_custom_heading vc_custom_1644995324622 margentexto1\" style=\"color: #e15100; text-align: left;\"><a href=\"https:\/\/masifill.com\/es\/contacto\/\">CONTACTE CON NOSOTROS<\/a><\/h2>\n<p>[\/vc_column_text][\/vc_column_inner][vc_column_inner width=&#8221;1\/3&#8243;][vc_icon type=&#8221;entypo&#8221; icon_entypo=&#8221;entypo-icon entypo-icon-right-open&#8221; color=&#8221;custom&#8221; background_style=&#8221;rounded&#8221; background_color=&#8221;custom&#8221; size=&#8221;sm&#8221; align=&#8221;right&#8221; custom_color=&#8221;#e15100&#8243; link=&#8221;url:https%3A%2F%2Fmasifill.com%2Fes%2Fcontacto%2F%20|||&#8221; custom_background_color=&#8221;#ffffff&#8221; el_class=&#8221;circle&#8221; css=&#8221;.vc_custom_1646997553861{margin-right: 20px !important;margin-bottom: 20px !important;padding-top: 80px !important;padding-bottom: 0px !important;}&#8221;][\/vc_column_inner][\/vc_row_inner][\/vc_column][\/vc_row][vc_row full_width=&#8221;stretch_row&#8221; css=&#8221;.vc_custom_1558948595935{margin-bottom: -40px !important;padding-top: 30px !important;padding-bottom: 40px !important;background-color: #ffffff !important;}&#8221;][vc_column][vc_row_inner el_class=&#8221;list&#8221;][vc_column_inner width=&#8221;1\/3&#8243;][vc_custom_heading text=&#8221;DATOS DE<br \/>\nINTER\u00c9S&#8221; font_container=&#8221;tag:h2|font_size:40px|text_align:left|color:%23e15100|line_height:40px&#8221; use_theme_fonts=&#8221;yes&#8221;][\/vc_column_inner][vc_column_inner width=&#8221;2\/3&#8243;][vc_column_text el_class=&#8221;list&#8221;]<\/p>\n<ul>\n<li>&gt; <a href=\"https:\/\/masifill.com\/es\/sobre-nosotros\/\">Somos administradores de fincas colegiados<\/a> (colegiado n.\u00ba 3948 del Colegio de Administradores de Fincas de Barcelona &#8211; Lleida)<\/li>\n<li>&gt; <a href=\"https:\/\/masifill.com\/es\/sobre-nosotros\/\">Somos agentes de la propiedad inmobiliaria<\/a> colegiados (Colegiado API n.\u00ba 2677)<\/li>\n<li>&gt; Registrados AICAT n.\u00ba 1214<\/li>\n<li>&gt; <a href=\"https:\/\/masifill.com\/es\/seguros\/\">Agentes vinculados de seguros<\/a> (clave de inscripci\u00f3n AJ0197 por la Direcci\u00f3n General de Seguros y Hondos de Pensiones)<\/li>\n<li>&gt; <a href=\"https:\/\/masifill.com\/es\/gestion-de-alquileres\/\">Gestionamos cerca de 2000 inmuebles en alquiler<\/a><\/li>\n<li>&gt; Gestionamos m\u00e1s de 400 <a href=\"https:\/\/masifill.com\/es\/gestion-de-comunidades\/\">comunidades de propietarios<\/a><\/li>\n<li>&gt; Mediaci\u00f3n en <a href=\"https:\/\/masifill.com\/es\/consultoria-y-operaciones\/\">operaciones inmobiliarias<\/a> por importe de m\u00e1s de 8M\u20ac el 2018<\/li>\n<\/ul>\n<p>[\/vc_column_text][\/vc_column_inner][\/vc_row_inner][\/vc_column][\/vc_row]<\/p>\n<\/div>","protected":false},"excerpt":{"rendered":"<p>[vc_row css=&#8221;.vc_custom_1543478089300{margin-bottom: 0px !important;padding-bottom: 0px !important;}&#8221;][vc_column][vc_empty_space][vc_column_text el_class=&#8221;title&#8221;] Sobre nosotros [\/vc_column_text][vc_custom_heading text=&#8221;Somos una empresa de servicios enfocada al \u00e1mbito inmobiliario, operamos en Barcelona desde el a\u00f1o 1932.&#8221; font_container=&#8221;tag:h2|font_size:28px|text_align:left|color:%230a0000|line_height:34px&#8221; google_fonts=&#8221;font_family:Roboto%3A100%2C100italic%2C300%2C300italic%2Cregular%2Citalic%2C500%2C500italic%2C700%2C700italic%2C900%2C900italic|font_style:400%20regular%3A400%3Anormal&#8221; css=&#8221;.vc_custom_1644837438607{border-top-width: 1px !important;border-bottom-width: 2px !important;padding-top: 40px !important;padding-bottom: 20px !important;border-top-color: #e15100 !important;border-bottom-color: #e15100 !important;}&#8221; el_class=&#8221;line2&#8243;][\/vc_column][\/vc_row][vc_row gap=&#8221;20&#8243; equal_height=&#8221;yes&#8221; css=&#8221;.vc_custom_1644837501913{margin-top: 0px !important;margin-right: 0px !important;margin-left: 0px !important;border-top-width: 1px !important;padding-top: 40px !important;padding-right: [&hellip;]<\/p>\n","protected":false},"author":1,"featured_media":0,"parent":0,"menu_order":0,"comment_status":"closed","ping_status":"closed","template":"template\/template-homepage.php","meta":{"footnotes":""},"class_list":["post-4810","page","type-page","status-publish","hentry"],"yoast_head":"<!-- This site is optimized with the Yoast SEO plugin v27.3 - https:\/\/yoast.com\/product\/yoast-seo-wordpress\/ -->\n<title>Immobiliarias Barcelona. Compraventa inmobiliaria de viviendas.<\/title>\n<meta name=\"description\" content=\"Desde 1932 somos especialistas en la compraventa inmobliaria de viviendas y servicios enfocados al \u00e1mbito inmobiliario. Ofrecemos servicios personalizados.\" \/>\n<meta name=\"robots\" content=\"index, follow, max-snippet:-1, max-image-preview:large, max-video-preview:-1\" \/>\n<link rel=\"canonical\" href=\"https:\/\/masifill.com\/es\/sobre-nosotros\/\" \/>\n<meta property=\"og:locale\" content=\"es_ES\" \/>\n<meta property=\"og:type\" content=\"article\" \/>\n<meta property=\"og:title\" content=\"Immobiliarias Barcelona. Compraventa inmobiliaria de viviendas.\" \/>\n<meta property=\"og:description\" content=\"Desde 1932 somos especialistas en la compraventa inmobliaria de viviendas y servicios enfocados al \u00e1mbito inmobiliario. Ofrecemos servicios personalizados.\" \/>\n<meta property=\"og:url\" content=\"https:\/\/masifill.com\/es\/sobre-nosotros\/\" \/>\n<meta property=\"og:site_name\" content=\"MasiFill Patrimonia\" \/>\n<meta property=\"article:modified_time\" content=\"2023-06-21T10:37:14+00:00\" \/>\n<meta name=\"twitter:card\" content=\"summary_large_image\" \/>\n<meta name=\"twitter:label1\" content=\"Tiempo de lectura\" \/>\n\t<meta name=\"twitter:data1\" content=\"5 minutos\" \/>\n<script type=\"application\/ld+json\" class=\"yoast-schema-graph\">{\"@context\":\"https:\\\/\\\/schema.org\",\"@graph\":[{\"@type\":\"WebPage\",\"@id\":\"https:\\\/\\\/masifill.com\\\/es\\\/sobre-nosotros\\\/\",\"url\":\"https:\\\/\\\/masifill.com\\\/es\\\/sobre-nosotros\\\/\",\"name\":\"Immobiliarias Barcelona. Compraventa inmobiliaria de viviendas.\",\"isPartOf\":{\"@id\":\"https:\\\/\\\/masifill.com\\\/#website\"},\"datePublished\":\"2018-12-12T10:00:27+00:00\",\"dateModified\":\"2023-06-21T10:37:14+00:00\",\"description\":\"Desde 1932 somos especialistas en la compraventa inmobliaria de viviendas y servicios enfocados al \u00e1mbito inmobiliario. Ofrecemos servicios personalizados.\",\"breadcrumb\":{\"@id\":\"https:\\\/\\\/masifill.com\\\/es\\\/sobre-nosotros\\\/#breadcrumb\"},\"inLanguage\":\"es\",\"potentialAction\":[{\"@type\":\"ReadAction\",\"target\":[\"https:\\\/\\\/masifill.com\\\/es\\\/sobre-nosotros\\\/\"]}]},{\"@type\":\"BreadcrumbList\",\"@id\":\"https:\\\/\\\/masifill.com\\\/es\\\/sobre-nosotros\\\/#breadcrumb\",\"itemListElement\":[{\"@type\":\"ListItem\",\"position\":1,\"name\":\"Inici\",\"item\":\"https:\\\/\\\/masifill.com\\\/es\\\/\"},{\"@type\":\"ListItem\",\"position\":2,\"name\":\"Sobre nosotros\"}]},{\"@type\":\"WebSite\",\"@id\":\"https:\\\/\\\/masifill.com\\\/#website\",\"url\":\"https:\\\/\\\/masifill.com\\\/\",\"name\":\"MasiFill Patrimonia\",\"description\":\"Altre lloc gestionat amb el WordPress\",\"potentialAction\":[{\"@type\":\"SearchAction\",\"target\":{\"@type\":\"EntryPoint\",\"urlTemplate\":\"https:\\\/\\\/masifill.com\\\/?s={search_term_string}\"},\"query-input\":{\"@type\":\"PropertyValueSpecification\",\"valueRequired\":true,\"valueName\":\"search_term_string\"}}],\"inLanguage\":\"es\"}]}<\/script>\n<!-- \/ Yoast SEO plugin. -->","yoast_head_json":{"title":"Immobiliarias Barcelona. Compraventa inmobiliaria de viviendas.","description":"Desde 1932 somos especialistas en la compraventa inmobliaria de viviendas y servicios enfocados al \u00e1mbito inmobiliario. Ofrecemos servicios personalizados.","robots":{"index":"index","follow":"follow","max-snippet":"max-snippet:-1","max-image-preview":"max-image-preview:large","max-video-preview":"max-video-preview:-1"},"canonical":"https:\/\/masifill.com\/es\/sobre-nosotros\/","og_locale":"es_ES","og_type":"article","og_title":"Immobiliarias Barcelona. Compraventa inmobiliaria de viviendas.","og_description":"Desde 1932 somos especialistas en la compraventa inmobliaria de viviendas y servicios enfocados al \u00e1mbito inmobiliario. Ofrecemos servicios personalizados.","og_url":"https:\/\/masifill.com\/es\/sobre-nosotros\/","og_site_name":"MasiFill Patrimonia","article_modified_time":"2023-06-21T10:37:14+00:00","twitter_card":"summary_large_image","twitter_misc":{"Tiempo de lectura":"5 minutos"},"schema":{"@context":"https:\/\/schema.org","@graph":[{"@type":"WebPage","@id":"https:\/\/masifill.com\/es\/sobre-nosotros\/","url":"https:\/\/masifill.com\/es\/sobre-nosotros\/","name":"Immobiliarias Barcelona. Compraventa inmobiliaria de viviendas.","isPartOf":{"@id":"https:\/\/masifill.com\/#website"},"datePublished":"2018-12-12T10:00:27+00:00","dateModified":"2023-06-21T10:37:14+00:00","description":"Desde 1932 somos especialistas en la compraventa inmobliaria de viviendas y servicios enfocados al \u00e1mbito inmobiliario. Ofrecemos servicios personalizados.","breadcrumb":{"@id":"https:\/\/masifill.com\/es\/sobre-nosotros\/#breadcrumb"},"inLanguage":"es","potentialAction":[{"@type":"ReadAction","target":["https:\/\/masifill.com\/es\/sobre-nosotros\/"]}]},{"@type":"BreadcrumbList","@id":"https:\/\/masifill.com\/es\/sobre-nosotros\/#breadcrumb","itemListElement":[{"@type":"ListItem","position":1,"name":"Inici","item":"https:\/\/masifill.com\/es\/"},{"@type":"ListItem","position":2,"name":"Sobre nosotros"}]},{"@type":"WebSite","@id":"https:\/\/masifill.com\/#website","url":"https:\/\/masifill.com\/","name":"MasiFill Patrimonia","description":"Altre lloc gestionat amb el WordPress","potentialAction":[{"@type":"SearchAction","target":{"@type":"EntryPoint","urlTemplate":"https:\/\/masifill.com\/?s={search_term_string}"},"query-input":{"@type":"PropertyValueSpecification","valueRequired":true,"valueName":"search_term_string"}}],"inLanguage":"es"}]}},"_links":{"self":[{"href":"https:\/\/masifill.com\/es\/wp-json\/wp\/v2\/pages\/4810","targetHints":{"allow":["GET"]}}],"collection":[{"href":"https:\/\/masifill.com\/es\/wp-json\/wp\/v2\/pages"}],"about":[{"href":"https:\/\/masifill.com\/es\/wp-json\/wp\/v2\/types\/page"}],"author":[{"embeddable":true,"href":"https:\/\/masifill.com\/es\/wp-json\/wp\/v2\/users\/1"}],"replies":[{"embeddable":true,"href":"https:\/\/masifill.com\/es\/wp-json\/wp\/v2\/comments?post=4810"}],"version-history":[{"count":28,"href":"https:\/\/masifill.com\/es\/wp-json\/wp\/v2\/pages\/4810\/revisions"}],"predecessor-version":[{"id":61099,"href":"https:\/\/masifill.com\/es\/wp-json\/wp\/v2\/pages\/4810\/revisions\/61099"}],"wp:attachment":[{"href":"https:\/\/masifill.com\/es\/wp-json\/wp\/v2\/media?parent=4810"}],"curies":[{"name":"wp","href":"https:\/\/api.w.org\/{rel}","templated":true}]}}