{"id":4814,"date":"2018-12-11T19:19:16","date_gmt":"2018-12-11T17:19:16","guid":{"rendered":"http:\/\/masifill.es\/historia\/"},"modified":"2022-03-11T13:31:33","modified_gmt":"2022-03-11T11:31:33","slug":"historia","status":"publish","type":"page","link":"https:\/\/masifill.com\/es\/historia\/","title":{"rendered":"Historia"},"content":{"rendered":"<div class=\"wpb-content-wrapper\"><p>[vc_row css=&#8221;.vc_custom_1543478089300{margin-bottom: 0px !important;padding-bottom: 0px !important;}&#8221;][vc_column][vc_empty_space][vc_column_text el_class=&#8221;title&#8221;]<\/p>\n<h1>Historia<\/h1>\n<p>[\/vc_column_text][vc_custom_heading text=&#8221;MASIFILL nace en 1932 con la vocaci\u00f3n de gestionar y asesorar el patrimonio de sus clientes con un trato personalizado y solvencia.&#8221; font_container=&#8221;tag:h2|font_size:28px|text_align:left|color:%230a0000|line_height:34px&#8221; google_fonts=&#8221;font_family:Roboto%3A100%2C100italic%2C300%2C300italic%2Cregular%2Citalic%2C500%2C500italic%2C700%2C700italic%2C900%2C900italic|font_style:400%20regular%3A400%3Anormal&#8221; css=&#8221;.vc_custom_1644837552344{border-top-width: 1px !important;border-bottom-width: 2px !important;padding-top: 40px !important;padding-bottom: 20px !important;border-top-color: #e15100 !important;border-bottom-color: #e15100 !important;}&#8221; el_class=&#8221;line2&#8243;][\/vc_column][\/vc_row][vc_row css=&#8221;.vc_custom_1546197121635{padding-bottom: 20px !important;}&#8221;][vc_column][vc_separator color=&#8221;custom&#8221; accent_color=&#8221;#e15100&#8243;][vc_row_inner gap=&#8221;35&#8243; css=&#8221;.vc_custom_1546197276746{margin-top: 0px !important;padding-top: 0px !important;}&#8221;][vc_column_inner width=&#8221;1\/4&#8243; css=&#8221;.vc_custom_1545431366416{margin-bottom: 0px !important;padding-bottom: 0px !important;}&#8221;][vc_column_text]<\/p>\n<h2 class=\"vc_custom_heading vc_custom_1644837594164 margentexto2\" style=\"font-size: 34px; color: #e15100; line-height: 34px; text-align: left; font-family: Roboto; font-weight: 400; font-style: normal;\">LOS OR\u00cdGENES<\/h2>\n<p>[\/vc_column_text][\/vc_column_inner][vc_column_inner width=&#8221;3\/4&#8243; css=&#8221;.vc_custom_1545431403928{margin-top: 0px !important;margin-left: 0px !important;padding-top: 0px !important;padding-left: 20px !important;}&#8221;][vc_column_text css=&#8221;.vc_custom_1562057935169{margin-top: 0px !important;margin-left: 0px !important;padding-top: 0px !important;padding-left: 0px !important;}&#8221;]Josep Mas i Santacreu, secretario de un juzgado de Barcelona y agente de negocios se inicia, en 1932, en la administraci\u00f3n de fincas. Cuando el 1936 es llamado a filas, su padre, Pere Mas i\u00a0Permanyer, quien tambi\u00e9n es agente de negocios, asume la responsabilidad de dirigir el despacho en ausencia de su hijo.<\/p>\n<p>Pasada la guerra, el negocio contin\u00faa adelante y al 1941 se inauguran las oficinas de la calle\u00a0Fontanella\u00a017, bajo el nombre de \u2018MAS E\u00a0HIJO\u2019, desde la que se gestionan y administran inmuebles urbanos y se realizan tr\u00e1mites para legalizar o gestionar diferentes actividades industriales y comerciales.<\/p>\n<p>El a\u00f1o 1960, la empresa, ya con el nombre de MAS I FILL, crece y dispone de m\u00e1s de quinientos metros cuadrados de oficinas en su sede de la calle\u00a0Fontanella, y m\u00e1s de cincuenta colaboradores. En ese a\u00f1o, tambi\u00e9n, se inicia la gesti\u00f3n de comunidades de propietarios.[\/vc_column_text][\/vc_column_inner][\/vc_row_inner][\/vc_column][\/vc_row][vc_row css=&#8221;.vc_custom_1546197121635{padding-bottom: 20px !important;}&#8221;][vc_column][vc_separator color=&#8221;custom&#8221; accent_color=&#8221;#e15100&#8243;][vc_row_inner gap=&#8221;35&#8243; css=&#8221;.vc_custom_1546197276746{margin-top: 0px !important;padding-top: 0px !important;}&#8221;][vc_column_inner width=&#8221;1\/4&#8243; css=&#8221;.vc_custom_1545431366416{margin-bottom: 0px !important;padding-bottom: 0px !important;}&#8221;][vc_column_text]<\/p>\n<h2 class=\"vc_custom_heading vc_custom_1644837585101 margentexto2\" style=\"font-size: 34px; color: #e15100; line-height: 34px; text-align: left; font-family: Roboto; font-weight: 400; font-style: normal;\">CONTINUIDAD<\/h2>\n<p>[\/vc_column_text][\/vc_column_inner][vc_column_inner width=&#8221;3\/4&#8243; css=&#8221;.vc_custom_1545431403928{margin-top: 0px !important;margin-left: 0px !important;padding-top: 0px !important;padding-left: 20px !important;}&#8221;][vc_column_text css=&#8221;.vc_custom_1562057947055{margin-top: 0px !important;margin-left: 0px !important;padding-top: 0px !important;padding-left: 0px !important;}&#8221;]Un a\u00f1o m\u00e1s tarde, en 1961, se incorpora a la empresa el hijo del fundador, Josep Maria Mas Franco, abogado. Josep Mas i Santacreu, nuestro fundador, acontece Presidente del Colegio de Gestores Administrativos de Catalu\u00f1a (cargo que ostenta durante 16 a\u00f1os). El a\u00f1o 1978 en Josep Mas i Santacreu recibe la Orden del M\u00e9rito Civil, entre otras distinciones, por su trayectoria de esfuerzo, honestidad y rigor profesional.[\/vc_column_text][\/vc_column_inner][\/vc_row_inner][\/vc_column][\/vc_row][vc_row full_width=&#8221;stretch_row&#8221; css=&#8221;.vc_custom_1646998017507{padding-bottom: 20px !important;background-color: #e15100 !important;}&#8221; el_class=&#8221;.naranja&#8221;][vc_column width=&#8221;1\/4&#8243;][vc_custom_heading text=&#8221;AURELI MAS,<br \/>\nMODERNIZACI\u00d3N<br \/>\nDE LA EMPRESA&#8221; font_container=&#8221;tag:h2|font_size:34px|text_align:left|color:%23ffffff|line_height:34px&#8221; google_fonts=&#8221;font_family:Roboto%3A100%2C100italic%2C300%2C300italic%2Cregular%2Citalic%2C500%2C500italic%2C700%2C700italic%2C900%2C900italic|font_style:400%20regular%3A400%3Anormal&#8221; css=&#8221;.vc_custom_1554714361492{margin-bottom: 0px !important;padding-bottom: 0px !important;}&#8221;][\/vc_column][vc_column width=&#8221;3\/4&#8243;][vc_column_text css=&#8221;.vc_custom_1562057964411{margin-top: 0px !important;margin-left: 0px !important;padding-top: 0px !important;padding-left: 0px !important;}&#8221; el_class=&#8221;blank&#8221;]A finales de los ochenta, en 1987, el nieto del fundador, Aureli Mas\u00a0Raldiris, con la titulaci\u00f3n de Experto inmobiliario por la Universidad de Alcal\u00e1 de Henares, administrador de fincas y agente de la propiedad inmobiliaria colegiado, se incorpora a la empresa. Ya entrado el siglo XXI, en 2007, Aureli Mas\u00a0Raldiris\u00a0asume la Direcci\u00f3n de la empresa. Como nuevo director inicia una etapa en base a la profesionalizaci\u00f3n en la direcci\u00f3n y gesti\u00f3n de la empresa. Se crea la figura del gerente y de los responsables de \u00e1rea. Se fija el objetivo de dar un servicio integral de 360\u00b0 a los clientes, y se marca una estrategia de crecimiento sostenido y ampliaci\u00f3n conservadora.[\/vc_column_text][\/vc_column][\/vc_row][vc_row full_width=&#8221;stretch_row&#8221; css=&#8221;.vc_custom_1544608377780{padding-bottom: 20px !important;background-color: #d1d1d1 !important;}&#8221;][vc_column][vc_row_inner gap=&#8221;35&#8243; css=&#8221;.vc_custom_1545431395631{margin-top: 0px !important;padding-top: 0px !important;}&#8221;][vc_column_inner width=&#8221;1\/4&#8243; css=&#8221;.vc_custom_1545431366416{margin-bottom: 0px !important;padding-bottom: 0px !important;}&#8221;][vc_custom_heading text=&#8221;CRECIMIENTO EN CLIENTES&#8221; font_container=&#8221;tag:h2|font_size:34px|text_align:left|color:%23e15100|line_height:34px&#8221; google_fonts=&#8221;font_family:Roboto%3A100%2C100italic%2C300%2C300italic%2Cregular%2Citalic%2C500%2C500italic%2C700%2C700italic%2C900%2C900italic|font_style:400%20regular%3A400%3Anormal&#8221; css=&#8221;.vc_custom_1644995438859{margin-bottom: 0px !important;padding-bottom: 0px !important;}&#8221;][\/vc_column_inner][vc_column_inner width=&#8221;3\/4&#8243; css=&#8221;.vc_custom_1545431403928{margin-top: 0px !important;margin-left: 0px !important;padding-top: 0px !important;padding-left: 20px !important;}&#8221;][vc_column_text css=&#8221;.vc_custom_1562058011157{margin-top: 0px !important;margin-left: 0px !important;padding-top: 0px !important;padding-left: 0px !important;}&#8221;]Se abre durante el 2007 una delegaci\u00f3n en Alella (Maresme), mediante la adquisici\u00f3n de FINCAS MI\u00d1ANA. Durante el 2009, se adquiere la cartera de inmuebles en propiedad vertical de FINCAS JUAN\u00a0SACRIST\u00c1N\u00a0y en 2013 la cartera de\u00a0SALVIA\u00a0NEGOCIOS\u00a0\u2013franquiciado\u00a0LDC-\u00a0a la vez que por jubilaci\u00f3n del titular se sigue con la gesti\u00f3n de las comunidades de propietarios del administrador de fincas\u00a0Sr\u00a0J GARC\u00cdA. Durante el 2019, se incorporan a\u00a0MASIFILL\u00a0las comunidades de propietarios que gestionaba en Barcelona\u00a0GALLOFR\u00c9\u00a0ADMINISTRADORES con sede en Sant\u00a0Boi. Estas incorporaciones suponen, junto con un constante crecimiento por recomendaciones de los mismos clientes, una ampliaci\u00f3n significativa del volumen de fincas gestionadas y un paso m\u00e1s en la estrategia de ampliaci\u00f3n conservadora marcada por su nuevo director.[\/vc_column_text][\/vc_column_inner][\/vc_row_inner][\/vc_column][\/vc_row][vc_row full_width=&#8221;stretch_row&#8221; css=&#8221;.vc_custom_1558948665394{margin-bottom: -40px !important;padding-bottom: 20px !important;background-color: #ffffff !important;}&#8221;][vc_column][vc_row_inner gap=&#8221;35&#8243; css=&#8221;.vc_custom_1545431395631{margin-top: 0px !important;padding-top: 0px !important;}&#8221;][vc_column_inner width=&#8221;1\/4&#8243; css=&#8221;.vc_custom_1545431366416{margin-bottom: 0px !important;padding-bottom: 0px !important;}&#8221;][vc_custom_heading text=&#8221;AMPLIACI\u00d3N<br \/>\nDE SERVICIOS&#8221; font_container=&#8221;tag:h2|font_size:34px|text_align:left|color:%23e15100|line_height:34px&#8221; google_fonts=&#8221;font_family:Roboto%3A100%2C100italic%2C300%2C300italic%2Cregular%2Citalic%2C500%2C500italic%2C700%2C700italic%2C900%2C900italic|font_style:400%20regular%3A400%3Anormal&#8221; css=&#8221;.vc_custom_1644995448043{margin-bottom: 0px !important;padding-bottom: 0px !important;}&#8221;][\/vc_column_inner][vc_column_inner width=&#8221;3\/4&#8243; css=&#8221;.vc_custom_1545431403928{margin-top: 0px !important;margin-left: 0px !important;padding-top: 0px !important;padding-left: 20px !important;}&#8221;][vc_column_text css=&#8221;.vc_custom_1562058041678{margin-top: 0px !important;margin-left: 0px !important;padding-top: 0px !important;padding-left: 0px !important;}&#8221;]El a\u00f1o 2012, MAS I FILL,\u00a0SLP\u00a0junta sus fuerzas con <a href=\"http:\/\/www.summapatrimonia.com\/\" target=\"_blank\" rel=\"noopener noreferrer\">SUMMA\u00a0PATRIMONIA\u00a0EAFI, SL<\/a> y el equipo de abogados de\u00a0<a href=\"http:\/\/patrimonia-ae.com\/?lang=es\" target=\"_blank\" rel=\"noopener noreferrer\">PATRIMONIA\u00a0ABOGADOS Y ECONOMISTAS<\/a> y crean la marca\u00a0MASIFILL PATRIMONIA. Con el objetivo de ofrecer un servicio integral de asesoramiento patrimonial a nivel inmobiliario, legal y financiero. Las nuevas oficinas a V\u00eda Augusta 118 abren esta nueva etapa.<\/p>\n<p>Para reforzar esta vocaci\u00f3n de servicio integral, en 2016 se incorpora las oficinas de V\u00eda Augusta, 118\u00a0ASERE\u00a0PATRIMONIA\u00a0SL sociedad participada desde MASIFILL. Un a\u00f1o m\u00e1s tarde, y coincidiendo con el 85.\u00ba cumplea\u00f1os, se integra a MASIFILL la mediaci\u00f3n en seguros, en cuanto agentes vinculados, actividad que ven\u00eda realiz\u00e1ndose de forma particular por la familia Mas. Se ofrece tambi\u00e9n el servicio de consultor\u00eda inmobiliaria y la gesti\u00f3n y asesoramiento en operaciones inmobiliarias, incorporando a la plantilla el equipo de\u00a0RT\u00a0LAVA REAL\u00a0ESTATE[\/vc_column_text][\/vc_column_inner][\/vc_row_inner][\/vc_column][\/vc_row]<\/p>\n<\/div>","protected":false},"excerpt":{"rendered":"<p>[vc_row css=&#8221;.vc_custom_1543478089300{margin-bottom: 0px !important;padding-bottom: 0px !important;}&#8221;][vc_column][vc_empty_space][vc_column_text el_class=&#8221;title&#8221;] Historia [\/vc_column_text][vc_custom_heading text=&#8221;MASIFILL nace en 1932 con la vocaci\u00f3n de gestionar y asesorar el patrimonio de sus clientes con un trato personalizado y solvencia.&#8221; font_container=&#8221;tag:h2|font_size:28px|text_align:left|color:%230a0000|line_height:34px&#8221; google_fonts=&#8221;font_family:Roboto%3A100%2C100italic%2C300%2C300italic%2Cregular%2Citalic%2C500%2C500italic%2C700%2C700italic%2C900%2C900italic|font_style:400%20regular%3A400%3Anormal&#8221; css=&#8221;.vc_custom_1644837552344{border-top-width: 1px !important;border-bottom-width: 2px !important;padding-top: 40px !important;padding-bottom: 20px !important;border-top-color: #e15100 !important;border-bottom-color: #e15100 !important;}&#8221; el_class=&#8221;line2&#8243;][\/vc_column][\/vc_row][vc_row css=&#8221;.vc_custom_1546197121635{padding-bottom: 20px !important;}&#8221;][vc_column][vc_separator color=&#8221;custom&#8221; accent_color=&#8221;#e15100&#8243;][vc_row_inner gap=&#8221;35&#8243; css=&#8221;.vc_custom_1546197276746{margin-top: 0px [&hellip;]<\/p>\n","protected":false},"author":1,"featured_media":0,"parent":0,"menu_order":0,"comment_status":"closed","ping_status":"closed","template":"template\/template-homepage.php","meta":{"footnotes":""},"class_list":["post-4814","page","type-page","status-publish","hentry"],"yoast_head":"<!-- This site is optimized with the Yoast SEO plugin v27.3 - https:\/\/yoast.com\/product\/yoast-seo-wordpress\/ -->\n<title>Agentes de propiedad inmobiliaria (API) en Barcelona<\/title>\n<meta name=\"description\" content=\"Agentes de propiedad inmobiliaria (API) en Barcelona. Gestionamos y asesoramos el patrimonio de los clientes con un trato personalizado y con solvencia.\" \/>\n<meta name=\"robots\" content=\"index, follow, max-snippet:-1, max-image-preview:large, max-video-preview:-1\" \/>\n<link rel=\"canonical\" href=\"https:\/\/masifill.com\/historia\/\" \/>\n<meta property=\"og:locale\" content=\"es_ES\" \/>\n<meta property=\"og:type\" content=\"article\" \/>\n<meta property=\"og:title\" content=\"Agentes de propiedad inmobiliaria (API) en Barcelona\" \/>\n<meta property=\"og:description\" content=\"Agentes de propiedad inmobiliaria (API) en Barcelona. Gestionamos y asesoramos el patrimonio de los clientes con un trato personalizado y con solvencia.\" \/>\n<meta property=\"og:url\" content=\"https:\/\/masifill.com\/historia\/\" \/>\n<meta property=\"og:site_name\" content=\"MasiFill Patrimonia\" \/>\n<meta property=\"article:modified_time\" content=\"2022-03-11T11:31:33+00:00\" \/>\n<meta name=\"twitter:card\" content=\"summary_large_image\" \/>\n<meta name=\"twitter:label1\" content=\"Tiempo de lectura\" \/>\n\t<meta name=\"twitter:data1\" content=\"7 minutos\" \/>\n<script type=\"application\/ld+json\" class=\"yoast-schema-graph\">{\"@context\":\"https:\\\/\\\/schema.org\",\"@graph\":[{\"@type\":\"WebPage\",\"@id\":\"https:\\\/\\\/masifill.com\\\/historia\\\/\",\"url\":\"https:\\\/\\\/masifill.com\\\/historia\\\/\",\"name\":\"Agentes de propiedad inmobiliaria (API) en Barcelona\",\"isPartOf\":{\"@id\":\"https:\\\/\\\/masifill.com\\\/#website\"},\"datePublished\":\"2018-12-11T17:19:16+00:00\",\"dateModified\":\"2022-03-11T11:31:33+00:00\",\"description\":\"Agentes de propiedad inmobiliaria (API) en Barcelona. Gestionamos y asesoramos el patrimonio de los clientes con un trato personalizado y con solvencia.\",\"breadcrumb\":{\"@id\":\"https:\\\/\\\/masifill.com\\\/historia\\\/#breadcrumb\"},\"inLanguage\":\"es\",\"potentialAction\":[{\"@type\":\"ReadAction\",\"target\":[\"https:\\\/\\\/masifill.com\\\/historia\\\/\"]}]},{\"@type\":\"BreadcrumbList\",\"@id\":\"https:\\\/\\\/masifill.com\\\/historia\\\/#breadcrumb\",\"itemListElement\":[{\"@type\":\"ListItem\",\"position\":1,\"name\":\"Inici\",\"item\":\"https:\\\/\\\/masifill.com\\\/es\\\/\"},{\"@type\":\"ListItem\",\"position\":2,\"name\":\"Historia\"}]},{\"@type\":\"WebSite\",\"@id\":\"https:\\\/\\\/masifill.com\\\/#website\",\"url\":\"https:\\\/\\\/masifill.com\\\/\",\"name\":\"MasiFill Patrimonia\",\"description\":\"Altre lloc gestionat amb el WordPress\",\"potentialAction\":[{\"@type\":\"SearchAction\",\"target\":{\"@type\":\"EntryPoint\",\"urlTemplate\":\"https:\\\/\\\/masifill.com\\\/?s={search_term_string}\"},\"query-input\":{\"@type\":\"PropertyValueSpecification\",\"valueRequired\":true,\"valueName\":\"search_term_string\"}}],\"inLanguage\":\"es\"}]}<\/script>\n<!-- \/ Yoast SEO plugin. -->","yoast_head_json":{"title":"Agentes de propiedad inmobiliaria (API) en Barcelona","description":"Agentes de propiedad inmobiliaria (API) en Barcelona. Gestionamos y asesoramos el patrimonio de los clientes con un trato personalizado y con solvencia.","robots":{"index":"index","follow":"follow","max-snippet":"max-snippet:-1","max-image-preview":"max-image-preview:large","max-video-preview":"max-video-preview:-1"},"canonical":"https:\/\/masifill.com\/historia\/","og_locale":"es_ES","og_type":"article","og_title":"Agentes de propiedad inmobiliaria (API) en Barcelona","og_description":"Agentes de propiedad inmobiliaria (API) en Barcelona. Gestionamos y asesoramos el patrimonio de los clientes con un trato personalizado y con solvencia.","og_url":"https:\/\/masifill.com\/historia\/","og_site_name":"MasiFill Patrimonia","article_modified_time":"2022-03-11T11:31:33+00:00","twitter_card":"summary_large_image","twitter_misc":{"Tiempo de lectura":"7 minutos"},"schema":{"@context":"https:\/\/schema.org","@graph":[{"@type":"WebPage","@id":"https:\/\/masifill.com\/historia\/","url":"https:\/\/masifill.com\/historia\/","name":"Agentes de propiedad inmobiliaria (API) en Barcelona","isPartOf":{"@id":"https:\/\/masifill.com\/#website"},"datePublished":"2018-12-11T17:19:16+00:00","dateModified":"2022-03-11T11:31:33+00:00","description":"Agentes de propiedad inmobiliaria (API) en Barcelona. Gestionamos y asesoramos el patrimonio de los clientes con un trato personalizado y con solvencia.","breadcrumb":{"@id":"https:\/\/masifill.com\/historia\/#breadcrumb"},"inLanguage":"es","potentialAction":[{"@type":"ReadAction","target":["https:\/\/masifill.com\/historia\/"]}]},{"@type":"BreadcrumbList","@id":"https:\/\/masifill.com\/historia\/#breadcrumb","itemListElement":[{"@type":"ListItem","position":1,"name":"Inici","item":"https:\/\/masifill.com\/es\/"},{"@type":"ListItem","position":2,"name":"Historia"}]},{"@type":"WebSite","@id":"https:\/\/masifill.com\/#website","url":"https:\/\/masifill.com\/","name":"MasiFill Patrimonia","description":"Altre lloc gestionat amb el WordPress","potentialAction":[{"@type":"SearchAction","target":{"@type":"EntryPoint","urlTemplate":"https:\/\/masifill.com\/?s={search_term_string}"},"query-input":{"@type":"PropertyValueSpecification","valueRequired":true,"valueName":"search_term_string"}}],"inLanguage":"es"}]}},"_links":{"self":[{"href":"https:\/\/masifill.com\/es\/wp-json\/wp\/v2\/pages\/4814","targetHints":{"allow":["GET"]}}],"collection":[{"href":"https:\/\/masifill.com\/es\/wp-json\/wp\/v2\/pages"}],"about":[{"href":"https:\/\/masifill.com\/es\/wp-json\/wp\/v2\/types\/page"}],"author":[{"embeddable":true,"href":"https:\/\/masifill.com\/es\/wp-json\/wp\/v2\/users\/1"}],"replies":[{"embeddable":true,"href":"https:\/\/masifill.com\/es\/wp-json\/wp\/v2\/comments?post=4814"}],"version-history":[{"count":21,"href":"https:\/\/masifill.com\/es\/wp-json\/wp\/v2\/pages\/4814\/revisions"}],"predecessor-version":[{"id":50242,"href":"https:\/\/masifill.com\/es\/wp-json\/wp\/v2\/pages\/4814\/revisions\/50242"}],"wp:attachment":[{"href":"https:\/\/masifill.com\/es\/wp-json\/wp\/v2\/media?parent=4814"}],"curies":[{"name":"wp","href":"https:\/\/api.w.org\/{rel}","templated":true}]}}