{"id":5199,"date":"2019-01-21T13:50:55","date_gmt":"2019-01-21T11:50:55","guid":{"rendered":"http:\/\/masifill.es\/?page_id=5199"},"modified":"2019-01-21T13:50:55","modified_gmt":"2019-01-21T11:50:55","slug":"prova-blog","status":"publish","type":"page","link":"https:\/\/masifill.com\/es\/prova-blog\/","title":{"rendered":"Prova blog"},"content":{"rendered":"<div class=\"wpb-content-wrapper\"><p>[vc_row][vc_column]\n                <div id=\"post-card-grid-module\" class=\"houzez-module post-card-module\">\n                        <div class=\"row grid-row\">\n                                    <div class=\"col-md-3 col-sm-6 col-xs-12\">\n                        \n<div class=\"item-wrap\">\n\t<div id=\"post-71209\" class=\"post-card-item post-71209 post type-post status-publish format-standard has-post-thumbnail hentry category-noticias\">\n\t\t\t\t<div class=\"figure-block\">\n\t\t\t<figure class=\"item-thumb\">\n\t\t\t\t<a href=\"https:\/\/masifill.com\/es\/71209\/\" class=\"hover-effect\">\n\t\t\t\t\t<img loading=\"lazy\" decoding=\"async\" width=\"385\" height=\"258\" src=\"https:\/\/masifill.com\/wp-content\/uploads\/masifill_eninter_itc-385x258.jpg\" class=\"attachment-houzez-property-thumb-image size-houzez-property-thumb-image wp-post-image\" alt=\"\" \/>\t\t\t\t<\/a>\n\t\t\t\t<figcaption class=\"thumb-caption clearfix\">\n\t\t\t\t\t<div class=\"file-type pull-left\"><i class=\"fa fa-file\"><\/i><\/div>\n\t\t\t\t<\/figcaption>\n\t\t\t<\/figure>\n\t\t<\/div>\n\t\t\t\t\n\t\t<div class=\"post-card-body\">\n\n\t\t\t<div class=\"post-card-description\">\n\t\t\t\t<ul class=\"list-inline\">\n\t\t\t\t\t\t\t\t\t\t<li><time datetime=\"19 de marzo de 2025\"><i class=\"fa fa-calendar\"><\/i> 19 de marzo de 2025<\/time><\/li>\n\t\t\t\t\t\t\t\t\t\t<li><i class=\"fa fa-bookmark-o\"><\/i> <a href=\"https:\/\/masifill.com\/es\/category\/noticias\/\" rel=\"category tag\">Noticias<\/a><\/li>\n\t\t\t\t<\/ul>\n\t\t\t\t<h3 class=\"post-card-title\">Formaci\u00f3n sobre el impacto de la ITC en las comunidades de propietarios<\/h3>\n\t\t\t\t<p>El pasado viernes 28 de febrero, los oficiales de comunidades de propietarios de MASIFILL tuvimos...<\/p>\n\t\t\t\t<a href=\"https:\/\/masifill.com\/es\/71209\/\" class=\"read\"> <i class=\"fa fa-caret-right\"><\/i><\/a>\n\t\t\t<\/div>\n\t\t\t\t\t\t<div class=\"post-card-author\">\n\t\t\t\t\t\t\t\t<div class=\"author-name\">\n\t\t\t\t\t<span> masifill_adm_patrimonia<\/span>\n\t\t\t\t<\/div>\n\t\t\t<\/div>\n\t\t\t\n\t\t<\/div>\n\t<\/div>\n<\/div>                    <\/div>\n                                    <div class=\"col-md-3 col-sm-6 col-xs-12\">\n                        \n<div class=\"item-wrap\">\n\t<div id=\"post-71199\" class=\"post-card-item post-71199 post type-post status-publish format-standard has-post-thumbnail hentry category-noticias\">\n\t\t\t\t<div class=\"figure-block\">\n\t\t\t<figure class=\"item-thumb\">\n\t\t\t\t<a href=\"https:\/\/masifill.com\/es\/71199\/\" class=\"hover-effect\">\n\t\t\t\t\t<img loading=\"lazy\" decoding=\"async\" width=\"385\" height=\"258\" src=\"https:\/\/masifill.com\/wp-content\/uploads\/masifill_cafbl-385x258.jpg\" class=\"attachment-houzez-property-thumb-image size-houzez-property-thumb-image wp-post-image\" alt=\"\" \/>\t\t\t\t<\/a>\n\t\t\t\t<figcaption class=\"thumb-caption clearfix\">\n\t\t\t\t\t<div class=\"file-type pull-left\"><i class=\"fa fa-file\"><\/i><\/div>\n\t\t\t\t<\/figcaption>\n\t\t\t<\/figure>\n\t\t<\/div>\n\t\t\t\t\n\t\t<div class=\"post-card-body\">\n\n\t\t\t<div class=\"post-card-description\">\n\t\t\t\t<ul class=\"list-inline\">\n\t\t\t\t\t\t\t\t\t\t<li><time datetime=\"19 de marzo de 2025\"><i class=\"fa fa-calendar\"><\/i> 19 de marzo de 2025<\/time><\/li>\n\t\t\t\t\t\t\t\t\t\t<li><i class=\"fa fa-bookmark-o\"><\/i> <a href=\"https:\/\/masifill.com\/es\/category\/noticias\/\" rel=\"category tag\">Noticias<\/a><\/li>\n\t\t\t\t<\/ul>\n\t\t\t\t<h3 class=\"post-card-title\">En MASIFILL seguimos form\u00e1ndonos para ofrecer el mejor servicio<\/h3>\n\t\t\t\t<p>Cuatro de nuestros administradores de vertical han completado el primer Curso de Oficial...<\/p>\n\t\t\t\t<a href=\"https:\/\/masifill.com\/es\/71199\/\" class=\"read\"> <i class=\"fa fa-caret-right\"><\/i><\/a>\n\t\t\t<\/div>\n\t\t\t\t\t\t<div class=\"post-card-author\">\n\t\t\t\t\t\t\t\t<div class=\"author-name\">\n\t\t\t\t\t<span> masifill_adm_patrimonia<\/span>\n\t\t\t\t<\/div>\n\t\t\t<\/div>\n\t\t\t\n\t\t<\/div>\n\t<\/div>\n<\/div>                    <\/div>\n                                    <div class=\"col-md-3 col-sm-6 col-xs-12\">\n                        \n<div class=\"item-wrap\">\n\t<div id=\"post-64710\" class=\"post-card-item post-64710 post type-post status-publish format-standard has-post-thumbnail hentry category-noticias\">\n\t\t\t\t<div class=\"figure-block\">\n\t\t\t<figure class=\"item-thumb\">\n\t\t\t\t<a href=\"https:\/\/masifill.com\/es\/importantes-cambios-en-el-mercado-electrico-introduccion-en-el-real-decreto-446-2023\/\" class=\"hover-effect\">\n\t\t\t\t\t<img loading=\"lazy\" decoding=\"async\" width=\"385\" height=\"258\" src=\"https:\/\/masifill.com\/wp-content\/uploads\/masifill_canvis_mercat_electric_ok-385x258.jpg\" class=\"attachment-houzez-property-thumb-image size-houzez-property-thumb-image wp-post-image\" alt=\"\" \/>\t\t\t\t<\/a>\n\t\t\t\t<figcaption class=\"thumb-caption clearfix\">\n\t\t\t\t\t<div class=\"file-type pull-left\"><i class=\"fa fa-file\"><\/i><\/div>\n\t\t\t\t<\/figcaption>\n\t\t\t<\/figure>\n\t\t<\/div>\n\t\t\t\t\n\t\t<div class=\"post-card-body\">\n\n\t\t\t<div class=\"post-card-description\">\n\t\t\t\t<ul class=\"list-inline\">\n\t\t\t\t\t\t\t\t\t\t<li><time datetime=\"9 de enero de 2024\"><i class=\"fa fa-calendar\"><\/i> 9 de enero de 2024<\/time><\/li>\n\t\t\t\t\t\t\t\t\t\t<li><i class=\"fa fa-bookmark-o\"><\/i> <a href=\"https:\/\/masifill.com\/es\/category\/noticias\/\" rel=\"category tag\">Noticias<\/a><\/li>\n\t\t\t\t<\/ul>\n\t\t\t\t<h3 class=\"post-card-title\">Importantes cambios en el Mercado El\u00e9ctrico: Introducci\u00f3n en el Real Decreto 446\/2023<\/h3>\n\t\t\t\t<p>El pasado 13 de junio, se public\u00f3 el Real Decreto 446\/2023, que supone una revisi\u00f3n sustancial...<\/p>\n\t\t\t\t<a href=\"https:\/\/masifill.com\/es\/importantes-cambios-en-el-mercado-electrico-introduccion-en-el-real-decreto-446-2023\/\" class=\"read\"> <i class=\"fa fa-caret-right\"><\/i><\/a>\n\t\t\t<\/div>\n\t\t\t\t\t\t<div class=\"post-card-author\">\n\t\t\t\t\t\t\t\t<div class=\"author-name\">\n\t\t\t\t\t<span> masifill_adm_patrimonia<\/span>\n\t\t\t\t<\/div>\n\t\t\t<\/div>\n\t\t\t\n\t\t<\/div>\n\t<\/div>\n<\/div>                    <\/div>\n                                    <div class=\"col-md-3 col-sm-6 col-xs-12\">\n                        \n<div class=\"item-wrap\">\n\t<div id=\"post-64378\" class=\"post-card-item post-64378 post type-post status-publish format-standard has-post-thumbnail hentry category-noticias tag-nadal-es tag-bonesfestes-es\">\n\t\t\t\t<div class=\"figure-block\">\n\t\t\t<figure class=\"item-thumb\">\n\t\t\t\t<a href=\"https:\/\/masifill.com\/es\/la-navidad-es-un-regalo-felic-navidad-y-prospero-ano-nuevo-2024-haz-clic-para-descubrir-el-video-de-navidad\/\" class=\"hover-effect\">\n\t\t\t\t\t<img loading=\"lazy\" decoding=\"async\" width=\"385\" height=\"258\" src=\"https:\/\/masifill.com\/wp-content\/uploads\/nadal_masifill_web-07-385x258.jpg\" class=\"attachment-houzez-property-thumb-image size-houzez-property-thumb-image wp-post-image\" alt=\"\" \/>\t\t\t\t<\/a>\n\t\t\t\t<figcaption class=\"thumb-caption clearfix\">\n\t\t\t\t\t<div class=\"file-type pull-left\"><i class=\"fa fa-file\"><\/i><\/div>\n\t\t\t\t<\/figcaption>\n\t\t\t<\/figure>\n\t\t<\/div>\n\t\t\t\t\n\t\t<div class=\"post-card-body\">\n\n\t\t\t<div class=\"post-card-description\">\n\t\t\t\t<ul class=\"list-inline\">\n\t\t\t\t\t\t\t\t\t\t<li><time datetime=\"12 de diciembre de 2023\"><i class=\"fa fa-calendar\"><\/i> 12 de diciembre de 2023<\/time><\/li>\n\t\t\t\t\t\t\t\t\t\t<li><i class=\"fa fa-bookmark-o\"><\/i> <a href=\"https:\/\/masifill.com\/es\/category\/noticias\/\" rel=\"category tag\">Noticias<\/a><\/li>\n\t\t\t\t<\/ul>\n\t\t\t\t<h3 class=\"post-card-title\">LA NAVIDAD ES UN REGALO! FELI\u00c7 NAVIDAD Y PR\u00d3SPERO A\u00d1O NUEVO 2024! HAZ CLIC PARA DESCUBRIR EL VIDEO DE NAVIDAD!<\/h3>\n\t\t\t\t<p>...<\/p>\n\t\t\t\t<a href=\"https:\/\/masifill.com\/es\/la-navidad-es-un-regalo-felic-navidad-y-prospero-ano-nuevo-2024-haz-clic-para-descubrir-el-video-de-navidad\/\" class=\"read\"> <i class=\"fa fa-caret-right\"><\/i><\/a>\n\t\t\t<\/div>\n\t\t\t\t\t\t<div class=\"post-card-author\">\n\t\t\t\t\t\t\t\t<div class=\"author-name\">\n\t\t\t\t\t<span> masifill_adm_patrimonia<\/span>\n\t\t\t\t<\/div>\n\t\t\t<\/div>\n\t\t\t\n\t\t<\/div>\n\t<\/div>\n<\/div>                    <\/div>\n                                    <div class=\"col-md-3 col-sm-6 col-xs-12\">\n                        \n<div class=\"item-wrap\">\n\t<div id=\"post-63101\" class=\"post-card-item post-63101 post type-post status-publish format-standard has-post-thumbnail hentry category-noticias\">\n\t\t\t\t<div class=\"figure-block\">\n\t\t\t<figure class=\"item-thumb\">\n\t\t\t\t<a href=\"https:\/\/masifill.com\/es\/48h-open-house-barcelona\/\" class=\"hover-effect\">\n\t\t\t\t\t<img loading=\"lazy\" decoding=\"async\" width=\"385\" height=\"258\" src=\"https:\/\/masifill.com\/wp-content\/uploads\/Masifill_48hOpenHouseBarcelona-385x258.jpg\" class=\"attachment-houzez-property-thumb-image size-houzez-property-thumb-image wp-post-image\" alt=\"\" \/>\t\t\t\t<\/a>\n\t\t\t\t<figcaption class=\"thumb-caption clearfix\">\n\t\t\t\t\t<div class=\"file-type pull-left\"><i class=\"fa fa-file\"><\/i><\/div>\n\t\t\t\t<\/figcaption>\n\t\t\t<\/figure>\n\t\t<\/div>\n\t\t\t\t\n\t\t<div class=\"post-card-body\">\n\n\t\t\t<div class=\"post-card-description\">\n\t\t\t\t<ul class=\"list-inline\">\n\t\t\t\t\t\t\t\t\t\t<li><time datetime=\"19 de octubre de 2023\"><i class=\"fa fa-calendar\"><\/i> 19 de octubre de 2023<\/time><\/li>\n\t\t\t\t\t\t\t\t\t\t<li><i class=\"fa fa-bookmark-o\"><\/i> <a href=\"https:\/\/masifill.com\/es\/category\/noticias\/\" rel=\"category tag\">Noticias<\/a><\/li>\n\t\t\t\t<\/ul>\n\t\t\t\t<h3 class=\"post-card-title\">Un par de edificios administrados por MASIFILL participan en el festival de arquitectura 48h Open House BCN<\/h3>\n\t\t\t\t<p>Durante el fin de semana del 21 y 22 de octubre se celebrar\u00e1 el festival de arquitectura 48 Horas...<\/p>\n\t\t\t\t<a href=\"https:\/\/masifill.com\/es\/48h-open-house-barcelona\/\" class=\"read\"> <i class=\"fa fa-caret-right\"><\/i><\/a>\n\t\t\t<\/div>\n\t\t\t\t\t\t<div class=\"post-card-author\">\n\t\t\t\t\t\t\t\t<div class=\"author-name\">\n\t\t\t\t\t<span> masifill_adm_patrimonia<\/span>\n\t\t\t\t<\/div>\n\t\t\t<\/div>\n\t\t\t\n\t\t<\/div>\n\t<\/div>\n<\/div>                    <\/div>\n                                    <div class=\"col-md-3 col-sm-6 col-xs-12\">\n                        \n<div class=\"item-wrap\">\n\t<div id=\"post-60750\" class=\"post-card-item post-60750 post type-post status-publish format-standard has-post-thumbnail hentry category-noticias category-juridico tag-lley-es tag-lloguers-es tag-arrendamientos tag-ley tag-alquileres tag-ley-12-2023 tag-vivienda tag-arrendaments-es\">\n\t\t\t\t<div class=\"figure-block\">\n\t\t\t<figure class=\"item-thumb\">\n\t\t\t\t<a href=\"https:\/\/masifill.com\/es\/nova-llei-de-lhabitatge\/\" class=\"hover-effect\">\n\t\t\t\t\t<img loading=\"lazy\" decoding=\"async\" width=\"385\" height=\"258\" src=\"https:\/\/masifill.com\/wp-content\/uploads\/lley_habitatge_MASIFILL-385x258.jpg\" class=\"attachment-houzez-property-thumb-image size-houzez-property-thumb-image wp-post-image\" alt=\"\" \/>\t\t\t\t<\/a>\n\t\t\t\t<figcaption class=\"thumb-caption clearfix\">\n\t\t\t\t\t<div class=\"file-type pull-left\"><i class=\"fa fa-file\"><\/i><\/div>\n\t\t\t\t<\/figcaption>\n\t\t\t<\/figure>\n\t\t<\/div>\n\t\t\t\t\n\t\t<div class=\"post-card-body\">\n\n\t\t\t<div class=\"post-card-description\">\n\t\t\t\t<ul class=\"list-inline\">\n\t\t\t\t\t\t\t\t\t\t<li><time datetime=\"2 de junio de 2023\"><i class=\"fa fa-calendar\"><\/i> 2 de junio de 2023<\/time><\/li>\n\t\t\t\t\t\t\t\t\t\t<li><i class=\"fa fa-bookmark-o\"><\/i> <a href=\"https:\/\/masifill.com\/es\/category\/noticias\/\" rel=\"category tag\">Noticias<\/a>, <a href=\"https:\/\/masifill.com\/es\/category\/juridico\/\" rel=\"category tag\">Jur\u00eddico<\/a><\/li>\n\t\t\t\t<\/ul>\n\t\t\t\t<h3 class=\"post-card-title\">Entra en vigor la nueva ley de vivienda<\/h3>\n\t\t\t\t<p>En aquest post fem un breu resum de la nova llei de l\u2019habitatge (Ley 12\/2023, de 24 de mayo, por...<\/p>\n\t\t\t\t<a href=\"https:\/\/masifill.com\/es\/nova-llei-de-lhabitatge\/\" class=\"read\"> <i class=\"fa fa-caret-right\"><\/i><\/a>\n\t\t\t<\/div>\n\t\t\t\t\t\t<div class=\"post-card-author\">\n\t\t\t\t\t\t\t\t<div class=\"author-name\">\n\t\t\t\t\t<span> masifill_adm_patrimonia<\/span>\n\t\t\t\t<\/div>\n\t\t\t<\/div>\n\t\t\t\n\t\t<\/div>\n\t<\/div>\n<\/div>                    <\/div>\n                                    <div class=\"col-md-3 col-sm-6 col-xs-12\">\n                        \n<div class=\"item-wrap\">\n\t<div id=\"post-57261\" class=\"post-card-item post-57261 post type-post status-publish format-standard has-post-thumbnail hentry category-noticias tag-bonesfestes-es tag-nadal-es\">\n\t\t\t\t<div class=\"figure-block\">\n\t\t\t<figure class=\"item-thumb\">\n\t\t\t\t<a href=\"https:\/\/masifill.com\/es\/masifill-bones-festes-2022-2\/\" class=\"hover-effect\">\n\t\t\t\t\t<img loading=\"lazy\" decoding=\"async\" width=\"385\" height=\"258\" src=\"https:\/\/masifill.com\/wp-content\/uploads\/image00083-385x258.jpeg\" class=\"attachment-houzez-property-thumb-image size-houzez-property-thumb-image wp-post-image\" alt=\"\" \/>\t\t\t\t<\/a>\n\t\t\t\t<figcaption class=\"thumb-caption clearfix\">\n\t\t\t\t\t<div class=\"file-type pull-left\"><i class=\"fa fa-file\"><\/i><\/div>\n\t\t\t\t<\/figcaption>\n\t\t\t<\/figure>\n\t\t<\/div>\n\t\t\t\t\n\t\t<div class=\"post-card-body\">\n\n\t\t\t<div class=\"post-card-description\">\n\t\t\t\t<ul class=\"list-inline\">\n\t\t\t\t\t\t\t\t\t\t<li><time datetime=\"5 de enero de 2023\"><i class=\"fa fa-calendar\"><\/i> 5 de enero de 2023<\/time><\/li>\n\t\t\t\t\t\t\t\t\t\t<li><i class=\"fa fa-bookmark-o\"><\/i> <a href=\"https:\/\/masifill.com\/es\/category\/noticias\/\" rel=\"category tag\">Noticias<\/a><\/li>\n\t\t\t\t<\/ul>\n\t\t\t\t<h3 class=\"post-card-title\">LA NAVIDAD LLEGA A LAS OFICINAS DE MASIFILL PATRIMONIA<\/h3>\n\t\t\t\t<p>En MASIFILL PATRIMONIA damos la bienvenida a la Navidad vistiendo nuestras oficinas i...<\/p>\n\t\t\t\t<a href=\"https:\/\/masifill.com\/es\/masifill-bones-festes-2022-2\/\" class=\"read\"> <i class=\"fa fa-caret-right\"><\/i><\/a>\n\t\t\t<\/div>\n\t\t\t\t\t\t<div class=\"post-card-author\">\n\t\t\t\t\t\t\t\t<div class=\"author-name\">\n\t\t\t\t\t<span> masifill_adm_patrimonia<\/span>\n\t\t\t\t<\/div>\n\t\t\t<\/div>\n\t\t\t\n\t\t<\/div>\n\t<\/div>\n<\/div>                    <\/div>\n                                    <div class=\"col-md-3 col-sm-6 col-xs-12\">\n                        \n<div class=\"item-wrap\">\n\t<div id=\"post-56643\" class=\"post-card-item post-56643 post type-post status-publish format-standard has-post-thumbnail hentry category-noticias\">\n\t\t\t\t<div class=\"figure-block\">\n\t\t\t<figure class=\"item-thumb\">\n\t\t\t\t<a href=\"https:\/\/masifill.com\/es\/el-equipo-de-masifill-patrimonia-le-desea-felices-fiestas-haz-clic-para-descubrir-el-video-de-navidad\/\" class=\"hover-effect\">\n\t\t\t\t\t<img loading=\"lazy\" decoding=\"async\" width=\"385\" height=\"258\" src=\"https:\/\/masifill.com\/wp-content\/uploads\/nadal_web_masifill-2-385x258.jpg\" class=\"attachment-houzez-property-thumb-image size-houzez-property-thumb-image wp-post-image\" alt=\"\" \/>\t\t\t\t<\/a>\n\t\t\t\t<figcaption class=\"thumb-caption clearfix\">\n\t\t\t\t\t<div class=\"file-type pull-left\"><i class=\"fa fa-file\"><\/i><\/div>\n\t\t\t\t<\/figcaption>\n\t\t\t<\/figure>\n\t\t<\/div>\n\t\t\t\t\n\t\t<div class=\"post-card-body\">\n\n\t\t\t<div class=\"post-card-description\">\n\t\t\t\t<ul class=\"list-inline\">\n\t\t\t\t\t\t\t\t\t\t<li><time datetime=\"5 de diciembre de 2022\"><i class=\"fa fa-calendar\"><\/i> 5 de diciembre de 2022<\/time><\/li>\n\t\t\t\t\t\t\t\t\t\t<li><i class=\"fa fa-bookmark-o\"><\/i> <a href=\"https:\/\/masifill.com\/es\/category\/noticias\/\" rel=\"category tag\">Noticias<\/a><\/li>\n\t\t\t\t<\/ul>\n\t\t\t\t<h3 class=\"post-card-title\">\u00a1EL EQUIPO DE MASIFILL PATRIMONIA LE DESEA FELICES FIESTAS! HAZ CLIC PARA DESCUBRIR EL VIDEO DE NAVIDAD!<\/h3>\n\t\t\t\t<p>...<\/p>\n\t\t\t\t<a href=\"https:\/\/masifill.com\/es\/el-equipo-de-masifill-patrimonia-le-desea-felices-fiestas-haz-clic-para-descubrir-el-video-de-navidad\/\" class=\"read\"> <i class=\"fa fa-caret-right\"><\/i><\/a>\n\t\t\t<\/div>\n\t\t\t\t\t\t<div class=\"post-card-author\">\n\t\t\t\t\t\t\t\t<div class=\"author-name\">\n\t\t\t\t\t<span> masifill_adm_patrimonia<\/span>\n\t\t\t\t<\/div>\n\t\t\t<\/div>\n\t\t\t\n\t\t<\/div>\n\t<\/div>\n<\/div>                    <\/div>\n                                    <div class=\"col-md-3 col-sm-6 col-xs-12\">\n                        \n<div class=\"item-wrap\">\n\t<div id=\"post-55811\" class=\"post-card-item post-55811 post type-post status-publish format-standard has-post-thumbnail hentry category-noticias\">\n\t\t\t\t<div class=\"figure-block\">\n\t\t\t<figure class=\"item-thumb\">\n\t\t\t\t<a href=\"https:\/\/masifill.com\/es\/en-masifill-patrimonia-ha-llegado-ya-el-otono\/\" class=\"hover-effect\">\n\t\t\t\t\t<img loading=\"lazy\" decoding=\"async\" width=\"385\" height=\"258\" src=\"https:\/\/masifill.com\/wp-content\/uploads\/Oton\u0303o_premiumhomes_masifill-385x258.jpg\" class=\"attachment-houzez-property-thumb-image size-houzez-property-thumb-image wp-post-image\" alt=\"\" \/>\t\t\t\t<\/a>\n\t\t\t\t<figcaption class=\"thumb-caption clearfix\">\n\t\t\t\t\t<div class=\"file-type pull-left\"><i class=\"fa fa-file\"><\/i><\/div>\n\t\t\t\t<\/figcaption>\n\t\t\t<\/figure>\n\t\t<\/div>\n\t\t\t\t\n\t\t<div class=\"post-card-body\">\n\n\t\t\t<div class=\"post-card-description\">\n\t\t\t\t<ul class=\"list-inline\">\n\t\t\t\t\t\t\t\t\t\t<li><time datetime=\"9 de noviembre de 2022\"><i class=\"fa fa-calendar\"><\/i> 9 de noviembre de 2022<\/time><\/li>\n\t\t\t\t\t\t\t\t\t\t<li><i class=\"fa fa-bookmark-o\"><\/i> <a href=\"https:\/\/masifill.com\/es\/category\/noticias\/\" rel=\"category tag\">Noticias<\/a><\/li>\n\t\t\t\t<\/ul>\n\t\t\t\t<h3 class=\"post-card-title\">En MASIFILL PATRIMONIA ha llegado ya el oto\u00f1o.<\/h3>\n\t\t\t\t<p>Es una \u00e9poca de precipitaciones en algunas partes del mundo y de descenso de las temperaturas. Los...<\/p>\n\t\t\t\t<a href=\"https:\/\/masifill.com\/es\/en-masifill-patrimonia-ha-llegado-ya-el-otono\/\" class=\"read\"> <i class=\"fa fa-caret-right\"><\/i><\/a>\n\t\t\t<\/div>\n\t\t\t\t\t\t<div class=\"post-card-author\">\n\t\t\t\t\t\t\t\t<div class=\"author-name\">\n\t\t\t\t\t<span> masifill_adm_patrimonia<\/span>\n\t\t\t\t<\/div>\n\t\t\t<\/div>\n\t\t\t\n\t\t<\/div>\n\t<\/div>\n<\/div>                    <\/div>\n                                    <div class=\"col-md-3 col-sm-6 col-xs-12\">\n                        \n<div class=\"item-wrap\">\n\t<div id=\"post-55802\" class=\"post-card-item post-55802 post type-post status-publish format-standard has-post-thumbnail hentry category-noticias\">\n\t\t\t\t<div class=\"figure-block\">\n\t\t\t<figure class=\"item-thumb\">\n\t\t\t\t<a href=\"https:\/\/masifill.com\/es\/etiqueta-de-certificacion-de-eficiencia-energetica\/\" class=\"hover-effect\">\n\t\t\t\t\t<img loading=\"lazy\" decoding=\"async\" width=\"385\" height=\"258\" src=\"https:\/\/masifill.com\/wp-content\/uploads\/cartificado_eficiencia_energetica_masifill-385x258.png\" class=\"attachment-houzez-property-thumb-image size-houzez-property-thumb-image wp-post-image\" alt=\"\" \/>\t\t\t\t<\/a>\n\t\t\t\t<figcaption class=\"thumb-caption clearfix\">\n\t\t\t\t\t<div class=\"file-type pull-left\"><i class=\"fa fa-file\"><\/i><\/div>\n\t\t\t\t<\/figcaption>\n\t\t\t<\/figure>\n\t\t<\/div>\n\t\t\t\t\n\t\t<div class=\"post-card-body\">\n\n\t\t\t<div class=\"post-card-description\">\n\t\t\t\t<ul class=\"list-inline\">\n\t\t\t\t\t\t\t\t\t\t<li><time datetime=\"9 de noviembre de 2022\"><i class=\"fa fa-calendar\"><\/i> 9 de noviembre de 2022<\/time><\/li>\n\t\t\t\t\t\t\t\t\t\t<li><i class=\"fa fa-bookmark-o\"><\/i> <a href=\"https:\/\/masifill.com\/es\/category\/noticias\/\" rel=\"category tag\">Noticias<\/a><\/li>\n\t\t\t\t<\/ul>\n\t\t\t\t<h3 class=\"post-card-title\">Etiqueta de certificaci\u00f3n de Eficiencia Energ\u00e9tica<\/h3>\n\t\t\t\t<p>\u00bfSab\u00edas que para vender o alquilar tu vivienda o local es obligatorio obtener una etiqueta de...<\/p>\n\t\t\t\t<a href=\"https:\/\/masifill.com\/es\/etiqueta-de-certificacion-de-eficiencia-energetica\/\" class=\"read\"> <i class=\"fa fa-caret-right\"><\/i><\/a>\n\t\t\t<\/div>\n\t\t\t\t\t\t<div class=\"post-card-author\">\n\t\t\t\t\t\t\t\t<div class=\"author-name\">\n\t\t\t\t\t<span> masifill_adm_patrimonia<\/span>\n\t\t\t\t<\/div>\n\t\t\t<\/div>\n\t\t\t\n\t\t<\/div>\n\t<\/div>\n<\/div>                    <\/div>\n                                            <\/div>\n        <\/div>\n    \n        [\/vc_column][\/vc_row]<\/p>\n<\/div>","protected":false},"excerpt":{"rendered":"<p>[vc_row][vc_column][\/vc_column][\/vc_row]<\/p>\n","protected":false},"author":1,"featured_media":0,"parent":0,"menu_order":0,"comment_status":"closed","ping_status":"closed","template":"","meta":{"footnotes":""},"class_list":["post-5199","page","type-page","status-publish","hentry"],"yoast_head":"<!-- This site is optimized with the Yoast SEO plugin v27.3 - https:\/\/yoast.com\/product\/yoast-seo-wordpress\/ -->\n<title>Prova blog - MasiFill Patrimonia<\/title>\n<meta name=\"robots\" content=\"index, follow, max-snippet:-1, max-image-preview:large, max-video-preview:-1\" \/>\n<link rel=\"canonical\" href=\"https:\/\/masifill.com\/es\/prova-blog\/\" \/>\n<meta property=\"og:locale\" content=\"es_ES\" \/>\n<meta property=\"og:type\" content=\"article\" \/>\n<meta property=\"og:title\" content=\"Prova blog - MasiFill Patrimonia\" \/>\n<meta property=\"og:description\" content=\"[vc_row][vc_column][\/vc_column][\/vc_row]\" \/>\n<meta property=\"og:url\" content=\"https:\/\/masifill.com\/es\/prova-blog\/\" \/>\n<meta property=\"og:site_name\" content=\"MasiFill Patrimonia\" \/>\n<meta name=\"twitter:card\" content=\"summary_large_image\" \/>\n<script type=\"application\/ld+json\" class=\"yoast-schema-graph\">{\"@context\":\"https:\\\/\\\/schema.org\",\"@graph\":[{\"@type\":\"WebPage\",\"@id\":\"https:\\\/\\\/masifill.com\\\/es\\\/prova-blog\\\/\",\"url\":\"https:\\\/\\\/masifill.com\\\/es\\\/prova-blog\\\/\",\"name\":\"Prova blog - MasiFill Patrimonia\",\"isPartOf\":{\"@id\":\"https:\\\/\\\/masifill.com\\\/#website\"},\"datePublished\":\"2019-01-21T11:50:55+00:00\",\"breadcrumb\":{\"@id\":\"https:\\\/\\\/masifill.com\\\/es\\\/prova-blog\\\/#breadcrumb\"},\"inLanguage\":\"es\",\"potentialAction\":[{\"@type\":\"ReadAction\",\"target\":[\"https:\\\/\\\/masifill.com\\\/es\\\/prova-blog\\\/\"]}]},{\"@type\":\"BreadcrumbList\",\"@id\":\"https:\\\/\\\/masifill.com\\\/es\\\/prova-blog\\\/#breadcrumb\",\"itemListElement\":[{\"@type\":\"ListItem\",\"position\":1,\"name\":\"Inici\",\"item\":\"https:\\\/\\\/masifill.com\\\/es\\\/\"},{\"@type\":\"ListItem\",\"position\":2,\"name\":\"Prova blog\"}]},{\"@type\":\"WebSite\",\"@id\":\"https:\\\/\\\/masifill.com\\\/#website\",\"url\":\"https:\\\/\\\/masifill.com\\\/\",\"name\":\"MasiFill Patrimonia\",\"description\":\"Altre lloc gestionat amb el WordPress\",\"potentialAction\":[{\"@type\":\"SearchAction\",\"target\":{\"@type\":\"EntryPoint\",\"urlTemplate\":\"https:\\\/\\\/masifill.com\\\/?s={search_term_string}\"},\"query-input\":{\"@type\":\"PropertyValueSpecification\",\"valueRequired\":true,\"valueName\":\"search_term_string\"}}],\"inLanguage\":\"es\"}]}<\/script>\n<!-- \/ Yoast SEO plugin. -->","yoast_head_json":{"title":"Prova blog - MasiFill Patrimonia","robots":{"index":"index","follow":"follow","max-snippet":"max-snippet:-1","max-image-preview":"max-image-preview:large","max-video-preview":"max-video-preview:-1"},"canonical":"https:\/\/masifill.com\/es\/prova-blog\/","og_locale":"es_ES","og_type":"article","og_title":"Prova blog - MasiFill Patrimonia","og_description":"[vc_row][vc_column][\/vc_column][\/vc_row]","og_url":"https:\/\/masifill.com\/es\/prova-blog\/","og_site_name":"MasiFill Patrimonia","twitter_card":"summary_large_image","schema":{"@context":"https:\/\/schema.org","@graph":[{"@type":"WebPage","@id":"https:\/\/masifill.com\/es\/prova-blog\/","url":"https:\/\/masifill.com\/es\/prova-blog\/","name":"Prova blog - MasiFill Patrimonia","isPartOf":{"@id":"https:\/\/masifill.com\/#website"},"datePublished":"2019-01-21T11:50:55+00:00","breadcrumb":{"@id":"https:\/\/masifill.com\/es\/prova-blog\/#breadcrumb"},"inLanguage":"es","potentialAction":[{"@type":"ReadAction","target":["https:\/\/masifill.com\/es\/prova-blog\/"]}]},{"@type":"BreadcrumbList","@id":"https:\/\/masifill.com\/es\/prova-blog\/#breadcrumb","itemListElement":[{"@type":"ListItem","position":1,"name":"Inici","item":"https:\/\/masifill.com\/es\/"},{"@type":"ListItem","position":2,"name":"Prova blog"}]},{"@type":"WebSite","@id":"https:\/\/masifill.com\/#website","url":"https:\/\/masifill.com\/","name":"MasiFill Patrimonia","description":"Altre lloc gestionat amb el WordPress","potentialAction":[{"@type":"SearchAction","target":{"@type":"EntryPoint","urlTemplate":"https:\/\/masifill.com\/?s={search_term_string}"},"query-input":{"@type":"PropertyValueSpecification","valueRequired":true,"valueName":"search_term_string"}}],"inLanguage":"es"}]}},"_links":{"self":[{"href":"https:\/\/masifill.com\/es\/wp-json\/wp\/v2\/pages\/5199","targetHints":{"allow":["GET"]}}],"collection":[{"href":"https:\/\/masifill.com\/es\/wp-json\/wp\/v2\/pages"}],"about":[{"href":"https:\/\/masifill.com\/es\/wp-json\/wp\/v2\/types\/page"}],"author":[{"embeddable":true,"href":"https:\/\/masifill.com\/es\/wp-json\/wp\/v2\/users\/1"}],"replies":[{"embeddable":true,"href":"https:\/\/masifill.com\/es\/wp-json\/wp\/v2\/comments?post=5199"}],"version-history":[{"count":1,"href":"https:\/\/masifill.com\/es\/wp-json\/wp\/v2\/pages\/5199\/revisions"}],"predecessor-version":[{"id":5200,"href":"https:\/\/masifill.com\/es\/wp-json\/wp\/v2\/pages\/5199\/revisions\/5200"}],"wp:attachment":[{"href":"https:\/\/masifill.com\/es\/wp-json\/wp\/v2\/media?parent=5199"}],"curies":[{"name":"wp","href":"https:\/\/api.w.org\/{rel}","templated":true}]}}