{"id":5314,"date":"2019-02-04T13:04:38","date_gmt":"2019-02-04T11:04:38","guid":{"rendered":"http:\/\/masifill.es\/avis-legal\/"},"modified":"2021-12-07T16:41:14","modified_gmt":"2021-12-07T14:41:14","slug":"aviso-legal","status":"publish","type":"page","link":"https:\/\/masifill.com\/es\/aviso-legal\/","title":{"rendered":"Aviso legal"},"content":{"rendered":"<div class=\"wpb-content-wrapper\"><p>[vc_row css=&#8221;.vc_custom_1544547711087{margin-bottom: 0px !important;padding-bottom: 0px !important;}&#8221; el_class=&#8221;tit&#8221;][vc_column][vc_empty_space][vc_column_text el_class=&#8221;title&#8221;]<\/p>\n<h1>Aviso legal<\/h1>\n<p>[\/vc_column_text][\/vc_column][\/vc_row][vc_row][vc_column][vc_column_text]MAS I FILL, S.L.P., Inscrita en el Registro Mercantil de Barcelona, Volumen 8352, Folio 191, hoja B-76854, Inscripci\u00f3n 3\u00aa, CIF-B-58.288.655, Aureli Mas y Raldiris, Administrador de Fincas N.\u00ba 3948, API N.\u00ba 2677, Registro AICAT N.\u00ba 1214. MASIFILL PATRIMONIA, Fontanella 17 Principal, 08010 Barcelona.<\/p>\n<h3>POL\u00cdTICA DE PRIVACIDAD<\/h3>\n<p>En varios formularios de este sitio web, MASIFILL Patrimonia recauda datos personales e informaci\u00f3n de los usuarios para su almacenamiento o utilizaci\u00f3n en relaci\u00f3n con estos. Estos datos se incorporan a ficheros automatizados titularidad de MAS I FILL, SLP (en adelante, el \u201cResponsable del Fichero\u201d), con domicilio en la calle Fontanella n.\u00ba17 de Barcelona. El tratamiento de estos ficheros estar\u00e1 sujeto al Reglamento (UE) 2017\/679 de protecci\u00f3n de datos Ley Org\u00e1nica 3\/2018, de 5 de diciembre, de protecci\u00f3n de datos de car\u00e1cter personal, y su normativa de desarrollo.<\/p>\n<p>Los datos ser\u00e1n usados con el fin de que se incluyan en el formulario de recogida de datos.<\/p>\n<p>Se podr\u00e1 ejercitar el derecho de acceso, rectificaci\u00f3n, cancelaci\u00f3n y oposici\u00f3n, en los t\u00e9rminos previstos en la LOPD, cont\u00e1ctenos en Fontanella, 17 Principal (08010) Barcelona, indic\u00e1ndonos nombre completo y DNI.[\/vc_column_text][\/vc_column][\/vc_row]<\/p>\n<\/div>","protected":false},"excerpt":{"rendered":"<p>[vc_row css=&#8221;.vc_custom_1544547711087{margin-bottom: 0px !important;padding-bottom: 0px !important;}&#8221; el_class=&#8221;tit&#8221;][vc_column][vc_empty_space][vc_column_text el_class=&#8221;title&#8221;] Aviso legal [\/vc_column_text][\/vc_column][\/vc_row][vc_row][vc_column][vc_column_text]MAS I FILL, S.L.P., Inscrita en el Registro Mercantil de Barcelona, Volumen 8352, Folio 191, hoja B-76854, Inscripci\u00f3n 3\u00aa, CIF-B-58.288.655, Aureli Mas y Raldiris, Administrador de Fincas N.\u00ba 3948, API N.\u00ba 2677, Registro AICAT N.\u00ba 1214. MASIFILL PATRIMONIA, Fontanella 17 Principal, 08010 Barcelona. POL\u00cdTICA DE [&hellip;]<\/p>\n","protected":false},"author":1,"featured_media":0,"parent":0,"menu_order":0,"comment_status":"closed","ping_status":"closed","template":"template\/template-homepage.php","meta":{"footnotes":""},"class_list":["post-5314","page","type-page","status-publish","hentry"],"yoast_head":"<!-- This site is optimized with the Yoast SEO plugin v27.3 - https:\/\/yoast.com\/product\/yoast-seo-wordpress\/ -->\n<title>Aviso legal - MasiFill Patrimonia<\/title>\n<meta name=\"robots\" content=\"index, follow, max-snippet:-1, max-image-preview:large, max-video-preview:-1\" \/>\n<link rel=\"canonical\" href=\"https:\/\/masifill.com\/avis-legal\/\" \/>\n<meta property=\"og:locale\" content=\"es_ES\" \/>\n<meta property=\"og:type\" content=\"article\" \/>\n<meta property=\"og:title\" content=\"Aviso legal - MasiFill Patrimonia\" \/>\n<meta property=\"og:description\" content=\"[vc_row css=&#8221;.vc_custom_1544547711087{margin-bottom: 0px !important;padding-bottom: 0px !important;}&#8221; el_class=&#8221;tit&#8221;][vc_column][vc_empty_space][vc_column_text el_class=&#8221;title&#8221;] Aviso legal [\/vc_column_text][\/vc_column][\/vc_row][vc_row][vc_column][vc_column_text]MAS I FILL, S.L.P., Inscrita en el Registro Mercantil de Barcelona, Volumen 8352, Folio 191, hoja B-76854, Inscripci\u00f3n 3\u00aa, CIF-B-58.288.655, Aureli Mas y Raldiris, Administrador de Fincas N.\u00ba 3948, API N.\u00ba 2677, Registro AICAT N.\u00ba 1214. MASIFILL PATRIMONIA, Fontanella 17 Principal, 08010 Barcelona. POL\u00cdTICA DE [&hellip;]\" \/>\n<meta property=\"og:url\" content=\"https:\/\/masifill.com\/avis-legal\/\" \/>\n<meta property=\"og:site_name\" content=\"MasiFill Patrimonia\" \/>\n<meta property=\"article:modified_time\" content=\"2021-12-07T14:41:14+00:00\" \/>\n<meta name=\"twitter:card\" content=\"summary_large_image\" \/>\n<meta name=\"twitter:label1\" content=\"Tiempo de lectura\" \/>\n\t<meta name=\"twitter:data1\" content=\"1 minuto\" \/>\n<script type=\"application\/ld+json\" class=\"yoast-schema-graph\">{\"@context\":\"https:\\\/\\\/schema.org\",\"@graph\":[{\"@type\":\"WebPage\",\"@id\":\"https:\\\/\\\/masifill.com\\\/avis-legal\\\/\",\"url\":\"https:\\\/\\\/masifill.com\\\/avis-legal\\\/\",\"name\":\"Aviso legal - MasiFill Patrimonia\",\"isPartOf\":{\"@id\":\"https:\\\/\\\/masifill.com\\\/#website\"},\"datePublished\":\"2019-02-04T11:04:38+00:00\",\"dateModified\":\"2021-12-07T14:41:14+00:00\",\"breadcrumb\":{\"@id\":\"https:\\\/\\\/masifill.com\\\/avis-legal\\\/#breadcrumb\"},\"inLanguage\":\"es\",\"potentialAction\":[{\"@type\":\"ReadAction\",\"target\":[\"https:\\\/\\\/masifill.com\\\/avis-legal\\\/\"]}]},{\"@type\":\"BreadcrumbList\",\"@id\":\"https:\\\/\\\/masifill.com\\\/avis-legal\\\/#breadcrumb\",\"itemListElement\":[{\"@type\":\"ListItem\",\"position\":1,\"name\":\"Inici\",\"item\":\"https:\\\/\\\/masifill.com\\\/es\\\/\"},{\"@type\":\"ListItem\",\"position\":2,\"name\":\"Aviso legal\"}]},{\"@type\":\"WebSite\",\"@id\":\"https:\\\/\\\/masifill.com\\\/#website\",\"url\":\"https:\\\/\\\/masifill.com\\\/\",\"name\":\"MasiFill Patrimonia\",\"description\":\"Altre lloc gestionat amb el WordPress\",\"potentialAction\":[{\"@type\":\"SearchAction\",\"target\":{\"@type\":\"EntryPoint\",\"urlTemplate\":\"https:\\\/\\\/masifill.com\\\/?s={search_term_string}\"},\"query-input\":{\"@type\":\"PropertyValueSpecification\",\"valueRequired\":true,\"valueName\":\"search_term_string\"}}],\"inLanguage\":\"es\"}]}<\/script>\n<!-- \/ Yoast SEO plugin. -->","yoast_head_json":{"title":"Aviso legal - MasiFill Patrimonia","robots":{"index":"index","follow":"follow","max-snippet":"max-snippet:-1","max-image-preview":"max-image-preview:large","max-video-preview":"max-video-preview:-1"},"canonical":"https:\/\/masifill.com\/avis-legal\/","og_locale":"es_ES","og_type":"article","og_title":"Aviso legal - MasiFill Patrimonia","og_description":"[vc_row css=&#8221;.vc_custom_1544547711087{margin-bottom: 0px !important;padding-bottom: 0px !important;}&#8221; el_class=&#8221;tit&#8221;][vc_column][vc_empty_space][vc_column_text el_class=&#8221;title&#8221;] Aviso legal [\/vc_column_text][\/vc_column][\/vc_row][vc_row][vc_column][vc_column_text]MAS I FILL, S.L.P., Inscrita en el Registro Mercantil de Barcelona, Volumen 8352, Folio 191, hoja B-76854, Inscripci\u00f3n 3\u00aa, CIF-B-58.288.655, Aureli Mas y Raldiris, Administrador de Fincas N.\u00ba 3948, API N.\u00ba 2677, Registro AICAT N.\u00ba 1214. MASIFILL PATRIMONIA, Fontanella 17 Principal, 08010 Barcelona. POL\u00cdTICA DE [&hellip;]","og_url":"https:\/\/masifill.com\/avis-legal\/","og_site_name":"MasiFill Patrimonia","article_modified_time":"2021-12-07T14:41:14+00:00","twitter_card":"summary_large_image","twitter_misc":{"Tiempo de lectura":"1 minuto"},"schema":{"@context":"https:\/\/schema.org","@graph":[{"@type":"WebPage","@id":"https:\/\/masifill.com\/avis-legal\/","url":"https:\/\/masifill.com\/avis-legal\/","name":"Aviso legal - MasiFill Patrimonia","isPartOf":{"@id":"https:\/\/masifill.com\/#website"},"datePublished":"2019-02-04T11:04:38+00:00","dateModified":"2021-12-07T14:41:14+00:00","breadcrumb":{"@id":"https:\/\/masifill.com\/avis-legal\/#breadcrumb"},"inLanguage":"es","potentialAction":[{"@type":"ReadAction","target":["https:\/\/masifill.com\/avis-legal\/"]}]},{"@type":"BreadcrumbList","@id":"https:\/\/masifill.com\/avis-legal\/#breadcrumb","itemListElement":[{"@type":"ListItem","position":1,"name":"Inici","item":"https:\/\/masifill.com\/es\/"},{"@type":"ListItem","position":2,"name":"Aviso legal"}]},{"@type":"WebSite","@id":"https:\/\/masifill.com\/#website","url":"https:\/\/masifill.com\/","name":"MasiFill Patrimonia","description":"Altre lloc gestionat amb el WordPress","potentialAction":[{"@type":"SearchAction","target":{"@type":"EntryPoint","urlTemplate":"https:\/\/masifill.com\/?s={search_term_string}"},"query-input":{"@type":"PropertyValueSpecification","valueRequired":true,"valueName":"search_term_string"}}],"inLanguage":"es"}]}},"_links":{"self":[{"href":"https:\/\/masifill.com\/es\/wp-json\/wp\/v2\/pages\/5314","targetHints":{"allow":["GET"]}}],"collection":[{"href":"https:\/\/masifill.com\/es\/wp-json\/wp\/v2\/pages"}],"about":[{"href":"https:\/\/masifill.com\/es\/wp-json\/wp\/v2\/types\/page"}],"author":[{"embeddable":true,"href":"https:\/\/masifill.com\/es\/wp-json\/wp\/v2\/users\/1"}],"replies":[{"embeddable":true,"href":"https:\/\/masifill.com\/es\/wp-json\/wp\/v2\/comments?post=5314"}],"version-history":[{"count":6,"href":"https:\/\/masifill.com\/es\/wp-json\/wp\/v2\/pages\/5314\/revisions"}],"predecessor-version":[{"id":25395,"href":"https:\/\/masifill.com\/es\/wp-json\/wp\/v2\/pages\/5314\/revisions\/25395"}],"wp:attachment":[{"href":"https:\/\/masifill.com\/es\/wp-json\/wp\/v2\/media?parent=5314"}],"curies":[{"name":"wp","href":"https:\/\/api.w.org\/{rel}","templated":true}]}}